{"id":3999,"date":"2025-06-26T08:30:03","date_gmt":"2025-06-26T08:30:03","guid":{"rendered":"https:\/\/aquamarine-pig-283005.hostingersite.com\/inicio\/"},"modified":"2025-10-20T09:17:49","modified_gmt":"2025-10-20T09:17:49","slug":"inicio","status":"publish","type":"page","link":"https:\/\/biennalxmiserachs.org\/es\/","title":{"rendered":"Inicio"},"content":{"rendered":"\t\t<div data-elementor-type=\"wp-post\" data-elementor-id=\"3999\" class=\"elementor elementor-3999 elementor-1784\" data-elementor-post-type=\"page\">\n\t\t\t\t<div class=\"elementor-element elementor-element-e2c2881 e-con-full e-flex e-con e-parent\" data-id=\"e2c2881\" data-element_type=\"container\" data-settings=\"{&quot;background_background&quot;:&quot;video&quot;,&quot;background_video_link&quot;:&quot;https:\\\/\\\/vimeo.com\\\/1107042732?ts=0&amp;share=copy&quot;,&quot;background_video_start&quot;:0,&quot;background_video_end&quot;:87,&quot;background_play_on_mobile&quot;:&quot;yes&quot;}\">\n\t\t<div class=\"elementor-background-video-container\" aria-hidden=\"true\">\n\t\t\t\t\t\t\t<div class=\"elementor-background-video-embed\"><\/div>\n\t\t\t\t\t\t<\/div><div class=\"elementor-element elementor-element-aab8423 e-con-full e-flex e-con e-child\" data-id=\"aab8423\" data-element_type=\"container\">\n\t\t\t\t<div class=\"elementor-element elementor-element-95a0751 elementor-widget elementor-widget-heading\" data-id=\"95a0751\" data-element_type=\"widget\" data-widget_type=\"heading.default\">\n\t\t\t\t<div class=\"elementor-widget-container\">\n\t\t\t\t\t<h1 class=\"elementor-heading-title elementor-size-default\">Estamos preparando una nueva edici\u00f3n<\/h1>\t\t\t\t<\/div>\n\t\t\t\t<\/div>\n\t\t\t\t<div class=\"elementor-element elementor-element-3c15cc5 elementor-widget elementor-widget-heading\" data-id=\"3c15cc5\" data-element_type=\"widget\" data-widget_type=\"heading.default\">\n\t\t\t\t<div class=\"elementor-widget-container\">\n\t\t\t\t\t<h3 class=\"elementor-heading-title elementor-size-default\">Palafrugell, del 1 de agosto al 18 de octubre de 2026<\/h3>\t\t\t\t<\/div>\n\t\t\t\t<\/div>\n\t\t\t\t<\/div>\n\t\t\t\t<\/div>\n\t\t<div class=\"elementor-element elementor-element-0b0f2eb e-flex e-con-boxed e-con e-parent\" data-id=\"0b0f2eb\" data-element_type=\"container\">\n\t\t\t\t\t<div class=\"e-con-inner\">\n\t\t<div class=\"elementor-element elementor-element-cb06623 e-con-full e-flex e-con e-child\" data-id=\"cb06623\" data-element_type=\"container\">\n\t\t\t\t<div class=\"elementor-element elementor-element-5b5b26d elementor-widget elementor-widget-image\" data-id=\"5b5b26d\" data-element_type=\"widget\" data-widget_type=\"image.default\">\n\t\t\t\t<div class=\"elementor-widget-container\">\n\t\t\t\t\t\t\t\t\t\t\t\t\t\t\t<img fetchpriority=\"high\" decoding=\"async\" width=\"794\" height=\"1024\" src=\"https:\/\/biennalxmiserachs.org\/wp-content\/uploads\/2025\/04\/logo-XIV-biennal-2026-794x1024.png\" class=\"attachment-large size-large wp-image-2870\" alt=\"\" srcset=\"https:\/\/biennalxmiserachs.org\/wp-content\/uploads\/2025\/04\/logo-XIV-biennal-2026-794x1024.png 794w, https:\/\/biennalxmiserachs.org\/wp-content\/uploads\/2025\/04\/logo-XIV-biennal-2026-233x300.png 233w, https:\/\/biennalxmiserachs.org\/wp-content\/uploads\/2025\/04\/logo-XIV-biennal-2026-768x990.png 768w, https:\/\/biennalxmiserachs.org\/wp-content\/uploads\/2025\/04\/logo-XIV-biennal-2026.png 1000w\" sizes=\"(max-width: 794px) 100vw, 794px\" \/>\t\t\t\t\t\t\t\t\t\t\t\t\t\t\t<\/div>\n\t\t\t\t<\/div>\n\t\t\t\t<\/div>\n\t\t<div class=\"elementor-element elementor-element-e0a7a71 e-con-full e-flex e-con e-child\" data-id=\"e0a7a71\" data-element_type=\"container\">\n\t\t\t\t<div class=\"elementor-element elementor-element-4c50223 elementor-widget elementor-widget-text-editor\" data-id=\"4c50223\" data-element_type=\"widget\" data-widget_type=\"text-editor.default\">\n\t\t\t\t<div class=\"elementor-widget-container\">\n\t\t\t\t\t\t\t\t\t<p style=\"font-weight: 400;\">Ya hemos empezado a trabajar en la pr\u00f3xima edici\u00f3n de la Biennal con el objetivo de ofreceros, una vez m\u00e1s, una programaci\u00f3n de calidad, cercana e inspiradora. Estamos seleccionando proyectos, buscando espacios y cuidando cada detalle para que este evento vuelva a convertirse en un punto de encuentro para los amantes de la fotograf\u00eda. <\/p><div><span lang=\"CA\">Se podr\u00e1n ver de nuevo en Palafrugell exposiciones de figuras de gran renombre internacional, de compa\u00f1eros de viaje de Xavier Miserachs, de j\u00f3venes fot\u00f3grafos y de archivos recuperados del anonimato, adem\u00e1s de diversas actividades complementarias.<br><\/span><\/div><div> <\/div><p style=\"font-weight: 400;\"><br>Nos gustar\u00e1 compartir con vosotros todas las novedades a trav\u00e9s de la p\u00e1gina web y de las redes sociales. Mientras tanto, seguimos trabajando con entusiasmo para hacer crecer la Biennal de Fotografia Xavier Miserachs. <\/p><p data-start=\"217\" data-end=\"568\"><span style=\"font-weight: 400;\">\u00a1Gracias por estar ah\u00ed y hasta pronto! <\/span><\/p>\t\t\t\t\t\t\t\t<\/div>\n\t\t\t\t<\/div>\n\t\t\t\t<\/div>\n\t\t\t\t\t<\/div>\n\t\t\t\t<\/div>\n\t\t<div class=\"elementor-element elementor-element-47ce265 elementor-hidden-desktop elementor-hidden-tablet elementor-hidden-mobile e-flex e-con-boxed e-con e-parent\" data-id=\"47ce265\" data-element_type=\"container\">\n\t\t\t\t\t<div class=\"e-con-inner\">\n\t\t\t\t\t<\/div>\n\t\t\t\t<\/div>\n\t\t\t\t<\/div>\n\t\t","protected":false},"excerpt":{"rendered":"<p>Estamos preparando una nueva edici\u00f3n Palafrugell, del 1 de agosto al 18 de octubre de 2026 Ya hemos empezado a trabajar en la pr\u00f3xima edici\u00f3n de la Biennal con el objetivo de ofreceros, una vez m\u00e1s, una programaci\u00f3n de calidad, cercana e inspiradora. Estamos seleccionando proyectos, buscando espacios y cuidando cada detalle para que este [&hellip;]<\/p>\n","protected":false},"author":1,"featured_media":0,"parent":0,"menu_order":0,"comment_status":"closed","ping_status":"closed","template":"","meta":{"site-sidebar-layout":"no-sidebar","site-content-layout":"page-builder","ast-site-content-layout":"full-width-container","site-content-style":"unboxed","site-sidebar-style":"unboxed","ast-global-header-display":"","ast-banner-title-visibility":"","ast-main-header-display":"","ast-hfb-above-header-display":"","ast-hfb-below-header-display":"","ast-hfb-mobile-header-display":"","site-post-title":"","ast-breadcrumbs-content":"","ast-featured-img":"disabled","footer-sml-layout":"","theme-transparent-header-meta":"default","adv-header-id-meta":"","stick-header-meta":"default","header-above-stick-meta":"","header-main-stick-meta":"","header-below-stick-meta":"","astra-migrate-meta-layouts":"default","ast-page-background-enabled":"default","ast-page-background-meta":{"desktop":{"background-color":"","background-image":"","background-repeat":"repeat","background-position":"center center","background-size":"auto","background-attachment":"scroll","background-type":"","background-media":"","overlay-type":"","overlay-color":"","overlay-opacity":"","overlay-gradient":""},"tablet":{"background-color":"","background-image":"","background-repeat":"repeat","background-position":"center center","background-size":"auto","background-attachment":"scroll","background-type":"","background-media":"","overlay-type":"","overlay-color":"","overlay-opacity":"","overlay-gradient":""},"mobile":{"background-color":"","background-image":"","background-repeat":"repeat","background-position":"center center","background-size":"auto","background-attachment":"scroll","background-type":"","background-media":"","overlay-type":"","overlay-color":"","overlay-opacity":"","overlay-gradient":""}},"ast-content-background-meta":{"desktop":{"background-color":"var(--ast-global-color-5)","background-image":"","background-repeat":"repeat","background-position":"center center","background-size":"auto","background-attachment":"scroll","background-type":"","background-media":"","overlay-type":"","overlay-color":"","overlay-opacity":"","overlay-gradient":""},"tablet":{"background-color":"var(--ast-global-color-5)","background-image":"","background-repeat":"repeat","background-position":"center center","background-size":"auto","background-attachment":"scroll","background-type":"","background-media":"","overlay-type":"","overlay-color":"","overlay-opacity":"","overlay-gradient":""},"mobile":{"background-color":"var(--ast-global-color-5)","background-image":"","background-repeat":"repeat","background-position":"center center","background-size":"auto","background-attachment":"scroll","background-type":"","background-media":"","overlay-type":"","overlay-color":"","overlay-opacity":"","overlay-gradient":""}},"footnotes":""},"class_list":["post-3999","page","type-page","status-publish","hentry"],"yoast_head":"<!-- This site is optimized with the Yoast SEO plugin v25.9 - https:\/\/yoast.com\/wordpress\/plugins\/seo\/ -->\n<title>Inicio - Biennal de Fotografia Xavier Miserachs<\/title>\n<meta name=\"robots\" content=\"index, follow, max-snippet:-1, max-image-preview:large, max-video-preview:-1\" \/>\n<link rel=\"canonical\" href=\"https:\/\/biennalxmiserachs.org\/es\/inicio\/\" \/>\n<meta property=\"og:locale\" content=\"es_ES\" \/>\n<meta property=\"og:type\" content=\"article\" \/>\n<meta property=\"og:title\" content=\"Inicio - Biennal de Fotografia Xavier Miserachs\" \/>\n<meta property=\"og:description\" content=\"Estamos preparando una nueva edici\u00f3n Palafrugell, del 1 de agosto al 18 de octubre de 2026 Ya hemos empezado a trabajar en la pr\u00f3xima edici\u00f3n de la Biennal con el objetivo de ofreceros, una vez m\u00e1s, una programaci\u00f3n de calidad, cercana e inspiradora. Estamos seleccionando proyectos, buscando espacios y cuidando cada detalle para que este [&hellip;]\" \/>\n<meta property=\"og:url\" content=\"https:\/\/biennalxmiserachs.org\/es\/inicio\/\" \/>\n<meta property=\"og:site_name\" content=\"Biennal de Fotografia Xavier Miserachs\" \/>\n<meta property=\"article:publisher\" content=\"https:\/\/www.facebook.com\/biennalfotografiaxaviermiserachs\/\" \/>\n<meta property=\"article:modified_time\" content=\"2025-10-20T09:17:49+00:00\" \/>\n<meta property=\"og:image\" content=\"https:\/\/biennalxmiserachs.org\/wp-content\/uploads\/2025\/04\/logo-XIV-biennal-2026.png\" \/>\n\t<meta property=\"og:image:width\" content=\"1000\" \/>\n\t<meta property=\"og:image:height\" content=\"1289\" \/>\n\t<meta property=\"og:image:type\" content=\"image\/png\" \/>\n<meta name=\"twitter:card\" content=\"summary_large_image\" \/>\n<meta name=\"twitter:label1\" content=\"Tiempo de lectura\" \/>\n\t<meta name=\"twitter:data1\" content=\"1 minuto\" \/>\n<script type=\"application\/ld+json\" class=\"yoast-schema-graph\">{\"@context\":\"https:\/\/schema.org\",\"@graph\":[{\"@type\":\"WebPage\",\"@id\":\"https:\/\/biennalxmiserachs.org\/es\/inicio\/\",\"url\":\"https:\/\/biennalxmiserachs.org\/es\/inicio\/\",\"name\":\"Inicio - Biennal de Fotografia Xavier Miserachs\",\"isPartOf\":{\"@id\":\"https:\/\/biennalxmiserachs.org\/#website\"},\"primaryImageOfPage\":{\"@id\":\"https:\/\/biennalxmiserachs.org\/es\/inicio\/#primaryimage\"},\"image\":{\"@id\":\"https:\/\/biennalxmiserachs.org\/es\/inicio\/#primaryimage\"},\"thumbnailUrl\":\"https:\/\/biennalxmiserachs.org\/wp-content\/uploads\/2025\/04\/logo-XIV-biennal-2026-794x1024.png\",\"datePublished\":\"2025-06-26T08:30:03+00:00\",\"dateModified\":\"2025-10-20T09:17:49+00:00\",\"breadcrumb\":{\"@id\":\"https:\/\/biennalxmiserachs.org\/es\/inicio\/#breadcrumb\"},\"inLanguage\":\"es\",\"potentialAction\":[{\"@type\":\"ReadAction\",\"target\":[\"https:\/\/biennalxmiserachs.org\/es\/inicio\/\"]}]},{\"@type\":\"ImageObject\",\"inLanguage\":\"es\",\"@id\":\"https:\/\/biennalxmiserachs.org\/es\/inicio\/#primaryimage\",\"url\":\"https:\/\/biennalxmiserachs.org\/wp-content\/uploads\/2025\/04\/logo-XIV-biennal-2026-794x1024.png\",\"contentUrl\":\"https:\/\/biennalxmiserachs.org\/wp-content\/uploads\/2025\/04\/logo-XIV-biennal-2026-794x1024.png\"},{\"@type\":\"BreadcrumbList\",\"@id\":\"https:\/\/biennalxmiserachs.org\/es\/inicio\/#breadcrumb\",\"itemListElement\":[{\"@type\":\"ListItem\",\"position\":1,\"name\":\"Inici\",\"item\":\"https:\/\/biennalxmiserachs.org\/es\/inicio\/\"},{\"@type\":\"ListItem\",\"position\":2,\"name\":\"Inicio\"}]},{\"@type\":\"WebSite\",\"@id\":\"https:\/\/biennalxmiserachs.org\/#website\",\"url\":\"https:\/\/biennalxmiserachs.org\/\",\"name\":\"Biennal de Fotografia Xavier Miserachs\",\"description\":\"\",\"publisher\":{\"@id\":\"https:\/\/biennalxmiserachs.org\/#organization\"},\"potentialAction\":[{\"@type\":\"SearchAction\",\"target\":{\"@type\":\"EntryPoint\",\"urlTemplate\":\"https:\/\/biennalxmiserachs.org\/?s={search_term_string}\"},\"query-input\":{\"@type\":\"PropertyValueSpecification\",\"valueRequired\":true,\"valueName\":\"search_term_string\"}}],\"inLanguage\":\"es\"},{\"@type\":\"Organization\",\"@id\":\"https:\/\/biennalxmiserachs.org\/#organization\",\"name\":\"Biennal de Fotografia Xavier Miserachs\",\"url\":\"https:\/\/biennalxmiserachs.org\/\",\"logo\":{\"@type\":\"ImageObject\",\"inLanguage\":\"es\",\"@id\":\"https:\/\/biennalxmiserachs.org\/#\/schema\/logo\/image\/\",\"url\":\"https:\/\/biennalxmiserachs.org\/wp-content\/uploads\/2025\/04\/cropped-logo-biennal-xavier-miserachs.png\",\"contentUrl\":\"https:\/\/biennalxmiserachs.org\/wp-content\/uploads\/2025\/04\/cropped-logo-biennal-xavier-miserachs.png\",\"width\":500,\"height\":425,\"caption\":\"Biennal de Fotografia Xavier Miserachs\"},\"image\":{\"@id\":\"https:\/\/biennalxmiserachs.org\/#\/schema\/logo\/image\/\"},\"sameAs\":[\"https:\/\/www.facebook.com\/biennalfotografiaxaviermiserachs\/\",\"https:\/\/www.instagram.com\/biennalxmiserachs\/\"]}]}<\/script>\n<!-- \/ Yoast SEO plugin. -->","yoast_head_json":{"title":"Inicio - Biennal de Fotografia Xavier Miserachs","robots":{"index":"index","follow":"follow","max-snippet":"max-snippet:-1","max-image-preview":"max-image-preview:large","max-video-preview":"max-video-preview:-1"},"canonical":"https:\/\/biennalxmiserachs.org\/es\/inicio\/","og_locale":"es_ES","og_type":"article","og_title":"Inicio - Biennal de Fotografia Xavier Miserachs","og_description":"Estamos preparando una nueva edici\u00f3n Palafrugell, del 1 de agosto al 18 de octubre de 2026 Ya hemos empezado a trabajar en la pr\u00f3xima edici\u00f3n de la Biennal con el objetivo de ofreceros, una vez m\u00e1s, una programaci\u00f3n de calidad, cercana e inspiradora. Estamos seleccionando proyectos, buscando espacios y cuidando cada detalle para que este [&hellip;]","og_url":"https:\/\/biennalxmiserachs.org\/es\/inicio\/","og_site_name":"Biennal de Fotografia Xavier Miserachs","article_publisher":"https:\/\/www.facebook.com\/biennalfotografiaxaviermiserachs\/","article_modified_time":"2025-10-20T09:17:49+00:00","og_image":[{"width":1000,"height":1289,"url":"https:\/\/biennalxmiserachs.org\/wp-content\/uploads\/2025\/04\/logo-XIV-biennal-2026.png","type":"image\/png"}],"twitter_card":"summary_large_image","twitter_misc":{"Tiempo de lectura":"1 minuto"},"schema":{"@context":"https:\/\/schema.org","@graph":[{"@type":"WebPage","@id":"https:\/\/biennalxmiserachs.org\/es\/inicio\/","url":"https:\/\/biennalxmiserachs.org\/es\/inicio\/","name":"Inicio - Biennal de Fotografia Xavier Miserachs","isPartOf":{"@id":"https:\/\/biennalxmiserachs.org\/#website"},"primaryImageOfPage":{"@id":"https:\/\/biennalxmiserachs.org\/es\/inicio\/#primaryimage"},"image":{"@id":"https:\/\/biennalxmiserachs.org\/es\/inicio\/#primaryimage"},"thumbnailUrl":"https:\/\/biennalxmiserachs.org\/wp-content\/uploads\/2025\/04\/logo-XIV-biennal-2026-794x1024.png","datePublished":"2025-06-26T08:30:03+00:00","dateModified":"2025-10-20T09:17:49+00:00","breadcrumb":{"@id":"https:\/\/biennalxmiserachs.org\/es\/inicio\/#breadcrumb"},"inLanguage":"es","potentialAction":[{"@type":"ReadAction","target":["https:\/\/biennalxmiserachs.org\/es\/inicio\/"]}]},{"@type":"ImageObject","inLanguage":"es","@id":"https:\/\/biennalxmiserachs.org\/es\/inicio\/#primaryimage","url":"https:\/\/biennalxmiserachs.org\/wp-content\/uploads\/2025\/04\/logo-XIV-biennal-2026-794x1024.png","contentUrl":"https:\/\/biennalxmiserachs.org\/wp-content\/uploads\/2025\/04\/logo-XIV-biennal-2026-794x1024.png"},{"@type":"BreadcrumbList","@id":"https:\/\/biennalxmiserachs.org\/es\/inicio\/#breadcrumb","itemListElement":[{"@type":"ListItem","position":1,"name":"Inici","item":"https:\/\/biennalxmiserachs.org\/es\/inicio\/"},{"@type":"ListItem","position":2,"name":"Inicio"}]},{"@type":"WebSite","@id":"https:\/\/biennalxmiserachs.org\/#website","url":"https:\/\/biennalxmiserachs.org\/","name":"Biennal de Fotografia Xavier Miserachs","description":"","publisher":{"@id":"https:\/\/biennalxmiserachs.org\/#organization"},"potentialAction":[{"@type":"SearchAction","target":{"@type":"EntryPoint","urlTemplate":"https:\/\/biennalxmiserachs.org\/?s={search_term_string}"},"query-input":{"@type":"PropertyValueSpecification","valueRequired":true,"valueName":"search_term_string"}}],"inLanguage":"es"},{"@type":"Organization","@id":"https:\/\/biennalxmiserachs.org\/#organization","name":"Biennal de Fotografia Xavier Miserachs","url":"https:\/\/biennalxmiserachs.org\/","logo":{"@type":"ImageObject","inLanguage":"es","@id":"https:\/\/biennalxmiserachs.org\/#\/schema\/logo\/image\/","url":"https:\/\/biennalxmiserachs.org\/wp-content\/uploads\/2025\/04\/cropped-logo-biennal-xavier-miserachs.png","contentUrl":"https:\/\/biennalxmiserachs.org\/wp-content\/uploads\/2025\/04\/cropped-logo-biennal-xavier-miserachs.png","width":500,"height":425,"caption":"Biennal de Fotografia Xavier Miserachs"},"image":{"@id":"https:\/\/biennalxmiserachs.org\/#\/schema\/logo\/image\/"},"sameAs":["https:\/\/www.facebook.com\/biennalfotografiaxaviermiserachs\/","https:\/\/www.instagram.com\/biennalxmiserachs\/"]}]}},"_links":{"self":[{"href":"https:\/\/biennalxmiserachs.org\/es\/wp-json\/wp\/v2\/pages\/3999","targetHints":{"allow":["GET"]}}],"collection":[{"href":"https:\/\/biennalxmiserachs.org\/es\/wp-json\/wp\/v2\/pages"}],"about":[{"href":"https:\/\/biennalxmiserachs.org\/es\/wp-json\/wp\/v2\/types\/page"}],"author":[{"embeddable":true,"href":"https:\/\/biennalxmiserachs.org\/es\/wp-json\/wp\/v2\/users\/1"}],"replies":[{"embeddable":true,"href":"https:\/\/biennalxmiserachs.org\/es\/wp-json\/wp\/v2\/comments?post=3999"}],"version-history":[{"count":17,"href":"https:\/\/biennalxmiserachs.org\/es\/wp-json\/wp\/v2\/pages\/3999\/revisions"}],"predecessor-version":[{"id":4829,"href":"https:\/\/biennalxmiserachs.org\/es\/wp-json\/wp\/v2\/pages\/3999\/revisions\/4829"}],"wp:attachment":[{"href":"https:\/\/biennalxmiserachs.org\/es\/wp-json\/wp\/v2\/media?parent=3999"}],"curies":[{"name":"wp","href":"https:\/\/api.w.org\/{rel}","templated":true}]}}