{"id":4031,"date":"2025-05-08T06:12:36","date_gmt":"2025-05-08T06:12:36","guid":{"rendered":"https:\/\/aquamarine-pig-283005.hostingersite.com\/boletin\/"},"modified":"2025-08-22T08:43:13","modified_gmt":"2025-08-22T08:43:13","slug":"boletin","status":"publish","type":"page","link":"https:\/\/biennalxmiserachs.org\/es\/boletin\/","title":{"rendered":"Bolet\u00edn"},"content":{"rendered":"\t\t<div data-elementor-type=\"wp-post\" data-elementor-id=\"4031\" class=\"elementor elementor-4031 elementor-1170\" data-elementor-post-type=\"page\">\n\t\t\t\t<div class=\"elementor-element elementor-element-5109796 e-flex e-con-boxed e-con e-parent\" data-id=\"5109796\" data-element_type=\"container\" data-settings=\"{&quot;background_background&quot;:&quot;classic&quot;}\">\n\t\t\t\t\t<div class=\"e-con-inner\">\n\t\t<div class=\"elementor-element elementor-element-190448f e-con-full e-flex e-con e-child\" data-id=\"190448f\" data-element_type=\"container\">\n\t\t\t\t<\/div>\n\t\t<div class=\"elementor-element elementor-element-45da02e e-con-full e-flex e-con e-child\" data-id=\"45da02e\" data-element_type=\"container\">\n\t\t\t\t<\/div>\n\t\t\t\t\t<\/div>\n\t\t\t\t<\/div>\n\t\t<div class=\"elementor-element elementor-element-710dc8d e-flex e-con-boxed e-con e-parent\" data-id=\"710dc8d\" data-element_type=\"container\">\n\t\t\t\t\t<div class=\"e-con-inner\">\n\t\t\t\t<div class=\"elementor-element elementor-element-6ae3c5e elementor-widget elementor-widget-heading\" data-id=\"6ae3c5e\" data-element_type=\"widget\" data-widget_type=\"heading.default\">\n\t\t\t\t<div class=\"elementor-widget-container\">\n\t\t\t\t\t<h2 class=\"elementor-heading-title elementor-size-default\">Suscr\u00edbete a nuestro bolet\u00edn<\/h2>\t\t\t\t<\/div>\n\t\t\t\t<\/div>\n\t\t\t\t<div class=\"elementor-element elementor-element-355c754 elementor-widget elementor-widget-heading\" data-id=\"355c754\" data-element_type=\"widget\" data-widget_type=\"heading.default\">\n\t\t\t\t<div class=\"elementor-widget-container\">\n\t\t\t\t\t<h4 class=\"elementor-heading-title elementor-size-default\">Recibir\u00e1s informaci\u00f3n de todas nuestras actividades<\/h4>\t\t\t\t<\/div>\n\t\t\t\t<\/div>\n\t\t\t\t<div class=\"elementor-element elementor-element-ac8cb26 elementor-button-align-stretch elementor-widget elementor-widget-form\" data-id=\"ac8cb26\" data-element_type=\"widget\" data-settings=\"{&quot;step_next_label&quot;:&quot;Next&quot;,&quot;step_previous_label&quot;:&quot;Previous&quot;,&quot;button_width&quot;:&quot;100&quot;,&quot;step_type&quot;:&quot;number_text&quot;,&quot;step_icon_shape&quot;:&quot;circle&quot;}\" data-widget_type=\"form.default\">\n\t\t\t\t<div class=\"elementor-widget-container\">\n\t\t\t\t\t\t\t<form class=\"elementor-form\" method=\"post\" name=\"Mailchimp\" aria-label=\"Mailchimp\">\n\t\t\t<input type=\"hidden\" name=\"post_id\" value=\"4031\"\/>\n\t\t\t<input type=\"hidden\" name=\"form_id\" value=\"ac8cb26\"\/>\n\t\t\t<input type=\"hidden\" name=\"referer_title\" value=\"Bolet\u00edn - Biennal de Fotografia Xavier Miserachs\" \/>\n\n\t\t\t\t\t\t\t<input type=\"hidden\" name=\"queried_id\" value=\"4031\"\/>\n\t\t\t\n\t\t\t<div class=\"elementor-form-fields-wrapper elementor-labels-above\">\n\t\t\t\t\t\t\t\t<div class=\"elementor-field-type-text elementor-field-group elementor-column elementor-field-group-name elementor-col-100 elementor-field-required\">\n\t\t\t\t\t\t\t\t\t\t\t\t<label for=\"form-field-name\" class=\"elementor-field-label\">\n\t\t\t\t\t\t\t\tNombre\t\t\t\t\t\t\t<\/label>\n\t\t\t\t\t\t\t\t\t\t\t\t\t\t<input size=\"1\" type=\"text\" name=\"form_fields[name]\" id=\"form-field-name\" class=\"elementor-field elementor-size-sm  elementor-field-textual\" placeholder=\"Nombre\" required=\"required\">\n\t\t\t\t\t\t\t\t\t\t\t<\/div>\n\t\t\t\t\t\t\t\t<div class=\"elementor-field-type-text elementor-field-group elementor-column elementor-field-group-field_e4c7196 elementor-col-100 elementor-field-required\">\n\t\t\t\t\t\t\t\t\t\t\t\t<label for=\"form-field-field_e4c7196\" class=\"elementor-field-label\">\n\t\t\t\t\t\t\t\tApellidos\t\t\t\t\t\t\t<\/label>\n\t\t\t\t\t\t\t\t\t\t\t\t\t\t<input size=\"1\" type=\"text\" name=\"form_fields[field_e4c7196]\" id=\"form-field-field_e4c7196\" class=\"elementor-field elementor-size-sm  elementor-field-textual\" placeholder=\"Apellidos\" required=\"required\">\n\t\t\t\t\t\t\t\t\t\t\t<\/div>\n\t\t\t\t\t\t\t\t<div class=\"elementor-field-type-email elementor-field-group elementor-column elementor-field-group-email elementor-col-100 elementor-field-required\">\n\t\t\t\t\t\t\t\t\t\t\t\t<label for=\"form-field-email\" class=\"elementor-field-label\">\n\t\t\t\t\t\t\t\tCorreo electr\u00f3nico\t\t\t\t\t\t\t<\/label>\n\t\t\t\t\t\t\t\t\t\t\t\t\t\t<input size=\"1\" type=\"email\" name=\"form_fields[email]\" id=\"form-field-email\" class=\"elementor-field elementor-size-sm  elementor-field-textual\" placeholder=\"Correo electr\u00f3nico\" required=\"required\">\n\t\t\t\t\t\t\t\t\t\t\t<\/div>\n\t\t\t\t\t\t\t\t<div class=\"elementor-field-type-checkbox elementor-field-group elementor-column elementor-field-group-field_2c14af3 elementor-col-100\">\n\t\t\t\t\t<div class=\"elementor-field-subgroup  elementor-subgroup-inline\"><span class=\"elementor-field-option\"><input type=\"checkbox\" value=\"Acepto el env\u00edo de informaci\u00f3n por parte de la Biennal de Fotografia Xavier Miserachs\" id=\"form-field-field_2c14af3-0\" name=\"form_fields[field_2c14af3]\"> <label for=\"form-field-field_2c14af3-0\">Acepto el env\u00edo de informaci\u00f3n por parte de la Biennal de Fotografia Xavier Miserachs<\/label><\/span><\/div>\t\t\t\t<\/div>\n\t\t\t\t\t\t\t\t<div class=\"elementor-field-group elementor-column elementor-field-type-submit elementor-col-100 e-form__buttons\">\n\t\t\t\t\t<button class=\"elementor-button elementor-size-sm\" type=\"submit\">\n\t\t\t\t\t\t<span class=\"elementor-button-content-wrapper\">\n\t\t\t\t\t\t\t\t\t\t\t\t\t\t\t\t\t\t\t\t\t\t<span class=\"elementor-button-text\">\u00a1SUSCR\u00cdBETE!<\/span>\n\t\t\t\t\t\t\t\t\t\t\t\t\t<\/span>\n\t\t\t\t\t<\/button>\n\t\t\t\t<\/div>\n\t\t\t<\/div>\n\t\t<\/form>\n\t\t\t\t\t\t<\/div>\n\t\t\t\t<\/div>\n\t\t\t\t\t<\/div>\n\t\t\t\t<\/div>\n\t\t\t\t<\/div>\n\t\t","protected":false},"excerpt":{"rendered":"<p>Suscr\u00edbete a nuestro bolet\u00edn Recibir\u00e1s informaci\u00f3n de todas nuestras actividades<\/p>\n","protected":false},"author":1,"featured_media":0,"parent":0,"menu_order":0,"comment_status":"closed","ping_status":"closed","template":"","meta":{"site-sidebar-layout":"no-sidebar","site-content-layout":"page-builder","ast-site-content-layout":"default","site-content-style":"default","site-sidebar-style":"default","ast-global-header-display":"","ast-banner-title-visibility":"","ast-main-header-display":"","ast-hfb-above-header-display":"","ast-hfb-below-header-display":"","ast-hfb-mobile-header-display":"","site-post-title":"","ast-breadcrumbs-content":"","ast-featured-img":"disabled","footer-sml-layout":"","theme-transparent-header-meta":"default","adv-header-id-meta":"","stick-header-meta":"default","header-above-stick-meta":"","header-main-stick-meta":"","header-below-stick-meta":"","astra-migrate-meta-layouts":"default","ast-page-background-enabled":"default","ast-page-background-meta":{"desktop":{"background-color":"","background-image":"","background-repeat":"repeat","background-position":"center center","background-size":"auto","background-attachment":"scroll","background-type":"","background-media":"","overlay-type":"","overlay-color":"","overlay-opacity":"","overlay-gradient":""},"tablet":{"background-color":"","background-image":"","background-repeat":"repeat","background-position":"center center","background-size":"auto","background-attachment":"scroll","background-type":"","background-media":"","overlay-type":"","overlay-color":"","overlay-opacity":"","overlay-gradient":""},"mobile":{"background-color":"","background-image":"","background-repeat":"repeat","background-position":"center center","background-size":"auto","background-attachment":"scroll","background-type":"","background-media":"","overlay-type":"","overlay-color":"","overlay-opacity":"","overlay-gradient":""}},"ast-content-background-meta":{"desktop":{"background-color":"var(--ast-global-color-5)","background-image":"","background-repeat":"repeat","background-position":"center center","background-size":"auto","background-attachment":"scroll","background-type":"","background-media":"","overlay-type":"","overlay-color":"","overlay-opacity":"","overlay-gradient":""},"tablet":{"background-color":"var(--ast-global-color-5)","background-image":"","background-repeat":"repeat","background-position":"center center","background-size":"auto","background-attachment":"scroll","background-type":"","background-media":"","overlay-type":"","overlay-color":"","overlay-opacity":"","overlay-gradient":""},"mobile":{"background-color":"var(--ast-global-color-5)","background-image":"","background-repeat":"repeat","background-position":"center center","background-size":"auto","background-attachment":"scroll","background-type":"","background-media":"","overlay-type":"","overlay-color":"","overlay-opacity":"","overlay-gradient":""}},"footnotes":""},"class_list":["post-4031","page","type-page","status-publish","hentry"],"yoast_head":"<!-- This site is optimized with the Yoast SEO plugin v25.9 - https:\/\/yoast.com\/wordpress\/plugins\/seo\/ -->\n<title>Bolet\u00edn - Biennal de Fotografia Xavier Miserachs<\/title>\n<meta name=\"robots\" content=\"index, follow, max-snippet:-1, max-image-preview:large, max-video-preview:-1\" \/>\n<link rel=\"canonical\" href=\"https:\/\/biennalxmiserachs.org\/es\/boletin\/\" \/>\n<meta property=\"og:locale\" content=\"es_ES\" \/>\n<meta property=\"og:type\" content=\"article\" \/>\n<meta property=\"og:title\" content=\"Bolet\u00edn - Biennal de Fotografia Xavier Miserachs\" \/>\n<meta property=\"og:description\" content=\"Suscr\u00edbete a nuestro bolet\u00edn Recibir\u00e1s informaci\u00f3n de todas nuestras actividades\" \/>\n<meta property=\"og:url\" content=\"https:\/\/biennalxmiserachs.org\/es\/boletin\/\" \/>\n<meta property=\"og:site_name\" content=\"Biennal de Fotografia Xavier Miserachs\" \/>\n<meta property=\"article:publisher\" content=\"https:\/\/www.facebook.com\/biennalfotografiaxaviermiserachs\/\" \/>\n<meta property=\"article:modified_time\" content=\"2025-08-22T08:43:13+00:00\" \/>\n<meta name=\"twitter:card\" content=\"summary_large_image\" \/>\n<script type=\"application\/ld+json\" class=\"yoast-schema-graph\">{\"@context\":\"https:\/\/schema.org\",\"@graph\":[{\"@type\":\"WebPage\",\"@id\":\"https:\/\/biennalxmiserachs.org\/es\/boletin\/\",\"url\":\"https:\/\/biennalxmiserachs.org\/es\/boletin\/\",\"name\":\"Bolet\u00edn - Biennal de Fotografia Xavier Miserachs\",\"isPartOf\":{\"@id\":\"https:\/\/biennalxmiserachs.org\/#website\"},\"datePublished\":\"2025-05-08T06:12:36+00:00\",\"dateModified\":\"2025-08-22T08:43:13+00:00\",\"breadcrumb\":{\"@id\":\"https:\/\/biennalxmiserachs.org\/es\/boletin\/#breadcrumb\"},\"inLanguage\":\"es\",\"potentialAction\":[{\"@type\":\"ReadAction\",\"target\":[\"https:\/\/biennalxmiserachs.org\/es\/boletin\/\"]}]},{\"@type\":\"BreadcrumbList\",\"@id\":\"https:\/\/biennalxmiserachs.org\/es\/boletin\/#breadcrumb\",\"itemListElement\":[{\"@type\":\"ListItem\",\"position\":1,\"name\":\"Inici\",\"item\":\"https:\/\/biennalxmiserachs.org\/es\/inicio\/\"},{\"@type\":\"ListItem\",\"position\":2,\"name\":\"Bolet\u00edn\"}]},{\"@type\":\"WebSite\",\"@id\":\"https:\/\/biennalxmiserachs.org\/#website\",\"url\":\"https:\/\/biennalxmiserachs.org\/\",\"name\":\"Biennal de Fotografia Xavier Miserachs\",\"description\":\"\",\"publisher\":{\"@id\":\"https:\/\/biennalxmiserachs.org\/#organization\"},\"potentialAction\":[{\"@type\":\"SearchAction\",\"target\":{\"@type\":\"EntryPoint\",\"urlTemplate\":\"https:\/\/biennalxmiserachs.org\/?s={search_term_string}\"},\"query-input\":{\"@type\":\"PropertyValueSpecification\",\"valueRequired\":true,\"valueName\":\"search_term_string\"}}],\"inLanguage\":\"es\"},{\"@type\":\"Organization\",\"@id\":\"https:\/\/biennalxmiserachs.org\/#organization\",\"name\":\"Biennal de Fotografia Xavier Miserachs\",\"url\":\"https:\/\/biennalxmiserachs.org\/\",\"logo\":{\"@type\":\"ImageObject\",\"inLanguage\":\"es\",\"@id\":\"https:\/\/biennalxmiserachs.org\/#\/schema\/logo\/image\/\",\"url\":\"https:\/\/biennalxmiserachs.org\/wp-content\/uploads\/2025\/04\/cropped-logo-biennal-xavier-miserachs.png\",\"contentUrl\":\"https:\/\/biennalxmiserachs.org\/wp-content\/uploads\/2025\/04\/cropped-logo-biennal-xavier-miserachs.png\",\"width\":500,\"height\":425,\"caption\":\"Biennal de Fotografia Xavier Miserachs\"},\"image\":{\"@id\":\"https:\/\/biennalxmiserachs.org\/#\/schema\/logo\/image\/\"},\"sameAs\":[\"https:\/\/www.facebook.com\/biennalfotografiaxaviermiserachs\/\",\"https:\/\/www.instagram.com\/biennalxmiserachs\/\"]}]}<\/script>\n<!-- \/ Yoast SEO plugin. -->","yoast_head_json":{"title":"Bolet\u00edn - Biennal de Fotografia Xavier Miserachs","robots":{"index":"index","follow":"follow","max-snippet":"max-snippet:-1","max-image-preview":"max-image-preview:large","max-video-preview":"max-video-preview:-1"},"canonical":"https:\/\/biennalxmiserachs.org\/es\/boletin\/","og_locale":"es_ES","og_type":"article","og_title":"Bolet\u00edn - Biennal de Fotografia Xavier Miserachs","og_description":"Suscr\u00edbete a nuestro bolet\u00edn Recibir\u00e1s informaci\u00f3n de todas nuestras actividades","og_url":"https:\/\/biennalxmiserachs.org\/es\/boletin\/","og_site_name":"Biennal de Fotografia Xavier Miserachs","article_publisher":"https:\/\/www.facebook.com\/biennalfotografiaxaviermiserachs\/","article_modified_time":"2025-08-22T08:43:13+00:00","twitter_card":"summary_large_image","schema":{"@context":"https:\/\/schema.org","@graph":[{"@type":"WebPage","@id":"https:\/\/biennalxmiserachs.org\/es\/boletin\/","url":"https:\/\/biennalxmiserachs.org\/es\/boletin\/","name":"Bolet\u00edn - Biennal de Fotografia Xavier Miserachs","isPartOf":{"@id":"https:\/\/biennalxmiserachs.org\/#website"},"datePublished":"2025-05-08T06:12:36+00:00","dateModified":"2025-08-22T08:43:13+00:00","breadcrumb":{"@id":"https:\/\/biennalxmiserachs.org\/es\/boletin\/#breadcrumb"},"inLanguage":"es","potentialAction":[{"@type":"ReadAction","target":["https:\/\/biennalxmiserachs.org\/es\/boletin\/"]}]},{"@type":"BreadcrumbList","@id":"https:\/\/biennalxmiserachs.org\/es\/boletin\/#breadcrumb","itemListElement":[{"@type":"ListItem","position":1,"name":"Inici","item":"https:\/\/biennalxmiserachs.org\/es\/inicio\/"},{"@type":"ListItem","position":2,"name":"Bolet\u00edn"}]},{"@type":"WebSite","@id":"https:\/\/biennalxmiserachs.org\/#website","url":"https:\/\/biennalxmiserachs.org\/","name":"Biennal de Fotografia Xavier Miserachs","description":"","publisher":{"@id":"https:\/\/biennalxmiserachs.org\/#organization"},"potentialAction":[{"@type":"SearchAction","target":{"@type":"EntryPoint","urlTemplate":"https:\/\/biennalxmiserachs.org\/?s={search_term_string}"},"query-input":{"@type":"PropertyValueSpecification","valueRequired":true,"valueName":"search_term_string"}}],"inLanguage":"es"},{"@type":"Organization","@id":"https:\/\/biennalxmiserachs.org\/#organization","name":"Biennal de Fotografia Xavier Miserachs","url":"https:\/\/biennalxmiserachs.org\/","logo":{"@type":"ImageObject","inLanguage":"es","@id":"https:\/\/biennalxmiserachs.org\/#\/schema\/logo\/image\/","url":"https:\/\/biennalxmiserachs.org\/wp-content\/uploads\/2025\/04\/cropped-logo-biennal-xavier-miserachs.png","contentUrl":"https:\/\/biennalxmiserachs.org\/wp-content\/uploads\/2025\/04\/cropped-logo-biennal-xavier-miserachs.png","width":500,"height":425,"caption":"Biennal de Fotografia Xavier Miserachs"},"image":{"@id":"https:\/\/biennalxmiserachs.org\/#\/schema\/logo\/image\/"},"sameAs":["https:\/\/www.facebook.com\/biennalfotografiaxaviermiserachs\/","https:\/\/www.instagram.com\/biennalxmiserachs\/"]}]}},"_links":{"self":[{"href":"https:\/\/biennalxmiserachs.org\/es\/wp-json\/wp\/v2\/pages\/4031","targetHints":{"allow":["GET"]}}],"collection":[{"href":"https:\/\/biennalxmiserachs.org\/es\/wp-json\/wp\/v2\/pages"}],"about":[{"href":"https:\/\/biennalxmiserachs.org\/es\/wp-json\/wp\/v2\/types\/page"}],"author":[{"embeddable":true,"href":"https:\/\/biennalxmiserachs.org\/es\/wp-json\/wp\/v2\/users\/1"}],"replies":[{"embeddable":true,"href":"https:\/\/biennalxmiserachs.org\/es\/wp-json\/wp\/v2\/comments?post=4031"}],"version-history":[{"count":2,"href":"https:\/\/biennalxmiserachs.org\/es\/wp-json\/wp\/v2\/pages\/4031\/revisions"}],"predecessor-version":[{"id":4317,"href":"https:\/\/biennalxmiserachs.org\/es\/wp-json\/wp\/v2\/pages\/4031\/revisions\/4317"}],"wp:attachment":[{"href":"https:\/\/biennalxmiserachs.org\/es\/wp-json\/wp\/v2\/media?parent=4031"}],"curies":[{"name":"wp","href":"https:\/\/api.w.org\/{rel}","templated":true}]}}