{"id":4368,"date":"2025-09-01T21:38:21","date_gmt":"2025-09-01T21:38:21","guid":{"rendered":"https:\/\/biennalxmiserachs.org\/quienes-somos\/"},"modified":"2025-10-22T12:02:20","modified_gmt":"2025-10-22T12:02:20","slug":"quienes-somos","status":"publish","type":"page","link":"https:\/\/biennalxmiserachs.org\/es\/quienes-somos\/","title":{"rendered":"Qui\u00e9nes somos"},"content":{"rendered":"\t\t<div data-elementor-type=\"wp-post\" data-elementor-id=\"4368\" class=\"elementor elementor-4368 elementor-4364\" data-elementor-post-type=\"page\">\n\t\t\t\t<div class=\"elementor-element elementor-element-7ad25cf e-flex e-con-boxed e-con e-parent\" data-id=\"7ad25cf\" data-element_type=\"container\" data-settings=\"{&quot;background_background&quot;:&quot;classic&quot;}\">\n\t\t\t\t\t<div class=\"e-con-inner\">\n\t\t<div class=\"elementor-element elementor-element-6dca5b8 e-con-full e-flex e-con e-child\" data-id=\"6dca5b8\" data-element_type=\"container\">\n\t\t\t\t<\/div>\n\t\t<div class=\"elementor-element elementor-element-6aa7bb0 e-con-full e-flex e-con e-child\" data-id=\"6aa7bb0\" data-element_type=\"container\">\n\t\t\t\t<\/div>\n\t\t\t\t\t<\/div>\n\t\t\t\t<\/div>\n\t\t<div class=\"elementor-element elementor-element-f3ac2ae e-flex e-con-boxed e-con e-parent\" data-id=\"f3ac2ae\" data-element_type=\"container\">\n\t\t\t\t\t<div class=\"e-con-inner\">\n\t\t\t\t<div class=\"elementor-element elementor-element-18819d5 uael-heading-align-left uael-mobile-heading-align-center elementor-widget elementor-widget-uael-advanced-heading\" data-id=\"18819d5\" data-element_type=\"widget\" data-widget_type=\"uael-advanced-heading.default\">\n\t\t\t\t<div class=\"elementor-widget-container\">\n\t\t\t\t\t\n\t\t<div class=\"uael-module-content uael-heading-wrapper\">\n\t\t\t\t\t\t\n\t\t\t<h2 class=\"uael-heading\">\n\t\t\t\t\t\t\t\t\t\t<span class=\"uael-heading-text elementor-inline-editing uael-size--default\" data-elementor-setting-key=\"heading_title\" data-elementor-inline-editing-toolbar=\"basic\">Biennal de Fotografia Xavier Miserachs<\/span>\n\t\t\t\t\t\t\t<\/h2>\n\n\t\t\t\n\t\t\t\n\t\t\t\n\t\t\t\t\t\t<\/div>\n\t\t\t\t\t\t<\/div>\n\t\t\t\t<\/div>\n\t\t\t\t\t<\/div>\n\t\t\t\t<\/div>\n\t\t<div class=\"elementor-element elementor-element-accaa0c e-flex e-con-boxed e-con e-parent\" data-id=\"accaa0c\" data-element_type=\"container\" data-settings=\"{&quot;background_background&quot;:&quot;classic&quot;}\">\n\t\t\t\t\t<div class=\"e-con-inner\">\n\t\t<div class=\"elementor-element elementor-element-1df10fc e-con-full e-flex e-con e-child\" data-id=\"1df10fc\" data-element_type=\"container\">\n\t\t\t\t<div class=\"elementor-element elementor-element-0450ac0 elementor-widget elementor-widget-text-editor\" data-id=\"0450ac0\" data-element_type=\"widget\" data-widget_type=\"text-editor.default\">\n\t\t\t\t<div class=\"elementor-widget-container\">\n\t\t\t\t\t\t\t\t\t<p>El 14 de agosto de 1998 fallec\u00eda prematuramente el reconocido fot\u00f3grafo Xavier Miserachs.<\/p><p style=\"font-weight: 400;\">Estrechamente vinculado al Empord\u00e0 desde los a\u00f1os sesenta \u2013cuando realiz\u00f3 varios reportajes relacionados con un turismo entonces incipiente pero que acabar\u00eda transformando la sociedad y el paisaje de la zona\u2013, Xavier Miserachs (Barcelona, 1937-1998) cre\u00f3 un v\u00ednculo con nuestra comarca que transcendi\u00f3 el \u00e1mbito profesional, gracias a su car\u00e1cter abierto, afable e inquieto. Tras una serie de estancias sucesivas, en los a\u00f1os ochenta se instal\u00f3 en Esclany\u00e0 y, movido por una curiosidad innata, particip\u00f3 activamente en la vida cultural de Palafrugell, donde encontr\u00f3 colaboradores y amigos fieles.<\/p><p style=\"font-weight: 400;\">Un a\u00f1o despu\u00e9s de su muerte, estos amigos le rend\u00edan un homenaje que inauguraba la I Biennal de Fotografia Xavier Miserachs.<\/p><p style=\"font-weight: 400;\">A trav\u00e9s de las diferentes ediciones, la Biennal de Fotografia Xavier Miserachs muestra obras del autor homenajeado y de fot\u00f3grafos de su generaci\u00f3n, de referentes de proyecci\u00f3n internacional que los influenciaron y de otros m\u00e1s j\u00f3venes que abordan la fotograf\u00eda como una forma de vida. Paralelamente, lleva a cabo una relevante labor de recuperaci\u00f3n de archivos desconocidos importantes por su valor art\u00edstico, patrimonial e hist\u00f3rico. <\/p><p style=\"font-weight: 400;\">Promover la fotograf\u00eda como forma de expresi\u00f3n art\u00edstica y cultural entre el gran p\u00fablico; difundir nuestro importante legado fotogr\u00e1fico, pasado y presente; <span lang=\"CA\">apoyar a j\u00f3venes fot\u00f3grafos<\/span>; recuperar del anonimato el trabajo de autores locales aficionados o profesionales que han documentado la vida de nuestro pa\u00eds y contribuir a la educaci\u00f3n visual son los objetivos b\u00e1sicos de la Biennal de Fotografia Xavier Miserachs.<\/p><p style=\"font-weight: 400;\">La colaboraci\u00f3n activa con diversas entidades culturales de Palafrugell, archivos fotogr\u00e1ficos, fundaciones, museos y otras entidades dedicadas a la fotograf\u00eda, y el apoyo del Ayuntamiento de Palafrugell, de la Fundaci\u00f3n Banco Sabadell, la Generalitat de Catalunya y la Diputaci\u00f3n de Girona son esenciales en la consecuci\u00f3n de estos prop\u00f3sitos.<\/p><p style=\"font-weight: 400;\">El creciente n\u00famero de visitantes, una proyecci\u00f3n de mayor alcance y su amplia repercusi\u00f3n han convertido la Biennal de Fotografia Xavier Miserachs en un festival de referencia y uno de los m\u00e1s antiguos y consolidados de Catalu\u00f1a.<\/p>\t\t\t\t\t\t\t\t<\/div>\n\t\t\t\t<\/div>\n\t\t\t\t<\/div>\n\t\t<div class=\"elementor-element elementor-element-2030b27 e-con-full e-flex e-con e-child\" data-id=\"2030b27\" data-element_type=\"container\">\n\t\t\t\t<div class=\"elementor-element elementor-element-f74ce64 elementor-widget elementor-widget-image\" data-id=\"f74ce64\" data-element_type=\"widget\" data-widget_type=\"image.default\">\n\t\t\t\t<div class=\"elementor-widget-container\">\n\t\t\t\t\t\t\t\t\t\t\t\t\t\t\t<img fetchpriority=\"high\" decoding=\"async\" width=\"500\" height=\"727\" src=\"https:\/\/biennalxmiserachs.org\/wp-content\/uploads\/2025\/07\/xavier-miserachs.jpg\" class=\"attachment-large size-large wp-image-3845\" alt=\"\" srcset=\"https:\/\/biennalxmiserachs.org\/wp-content\/uploads\/2025\/07\/xavier-miserachs.jpg 500w, https:\/\/biennalxmiserachs.org\/wp-content\/uploads\/2025\/07\/xavier-miserachs-206x300.jpg 206w\" sizes=\"(max-width: 500px) 100vw, 500px\" \/>\t\t\t\t\t\t\t\t\t\t\t\t\t\t\t<\/div>\n\t\t\t\t<\/div>\n\t\t\t\t<div class=\"elementor-element elementor-element-a3e7803 elementor-widget elementor-widget-text-editor\" data-id=\"a3e7803\" data-element_type=\"widget\" data-widget_type=\"text-editor.default\">\n\t\t\t\t<div class=\"elementor-widget-container\">\n\t\t\t\t\t\t\t\t\t<p><span lang=\"CA\">Xavier Miserachs. Autorretrato. Calle Tuset. Barcelona, <i>ca. <\/i>1960 \u00a9 Hereves Xavier Miserachs   <\/span><\/p>\t\t\t\t\t\t\t\t<\/div>\n\t\t\t\t<\/div>\n\t\t\t\t<\/div>\n\t\t\t\t\t<\/div>\n\t\t\t\t<\/div>\n\t\t<div class=\"elementor-element elementor-element-d06d707 e-flex e-con-boxed e-con e-parent\" data-id=\"d06d707\" data-element_type=\"container\" data-settings=\"{&quot;background_background&quot;:&quot;classic&quot;}\">\n\t\t\t\t\t<div class=\"e-con-inner\">\n\t\t<div class=\"elementor-element elementor-element-1f24f68 e-con-full e-flex e-con e-child\" data-id=\"1f24f68\" data-element_type=\"container\">\n\t\t\t\t<\/div>\n\t\t\t\t\t<\/div>\n\t\t\t\t<\/div>\n\t\t\t\t<\/div>\n\t\t","protected":false},"excerpt":{"rendered":"<p>Biennal de Fotografia Xavier Miserachs El 14 de agosto de 1998 fallec\u00eda prematuramente el reconocido fot\u00f3grafo Xavier Miserachs. Estrechamente vinculado al Empord\u00e0 desde los a\u00f1os sesenta \u2013cuando realiz\u00f3 varios reportajes relacionados con un turismo entonces incipiente pero que acabar\u00eda transformando la sociedad y el paisaje de la zona\u2013, Xavier Miserachs (Barcelona, 1937-1998) cre\u00f3 un v\u00ednculo [&hellip;]<\/p>\n","protected":false},"author":1,"featured_media":0,"parent":0,"menu_order":0,"comment_status":"closed","ping_status":"closed","template":"","meta":{"site-sidebar-layout":"no-sidebar","site-content-layout":"page-builder","ast-site-content-layout":"default","site-content-style":"default","site-sidebar-style":"default","ast-global-header-display":"","ast-banner-title-visibility":"","ast-main-header-display":"","ast-hfb-above-header-display":"","ast-hfb-below-header-display":"","ast-hfb-mobile-header-display":"","site-post-title":"disabled","ast-breadcrumbs-content":"","ast-featured-img":"disabled","footer-sml-layout":"","theme-transparent-header-meta":"default","adv-header-id-meta":"","stick-header-meta":"default","header-above-stick-meta":"","header-main-stick-meta":"","header-below-stick-meta":"","astra-migrate-meta-layouts":"default","ast-page-background-enabled":"default","ast-page-background-meta":{"desktop":{"background-color":"","background-image":"","background-repeat":"repeat","background-position":"center center","background-size":"auto","background-attachment":"scroll","background-type":"","background-media":"","overlay-type":"","overlay-color":"","overlay-opacity":"","overlay-gradient":""},"tablet":{"background-color":"","background-image":"","background-repeat":"repeat","background-position":"center center","background-size":"auto","background-attachment":"scroll","background-type":"","background-media":"","overlay-type":"","overlay-color":"","overlay-opacity":"","overlay-gradient":""},"mobile":{"background-color":"","background-image":"","background-repeat":"repeat","background-position":"center center","background-size":"auto","background-attachment":"scroll","background-type":"","background-media":"","overlay-type":"","overlay-color":"","overlay-opacity":"","overlay-gradient":""}},"ast-content-background-meta":{"desktop":{"background-color":"var(--ast-global-color-5)","background-image":"","background-repeat":"repeat","background-position":"center center","background-size":"auto","background-attachment":"scroll","background-type":"","background-media":"","overlay-type":"","overlay-color":"","overlay-opacity":"","overlay-gradient":""},"tablet":{"background-color":"var(--ast-global-color-5)","background-image":"","background-repeat":"repeat","background-position":"center center","background-size":"auto","background-attachment":"scroll","background-type":"","background-media":"","overlay-type":"","overlay-color":"","overlay-opacity":"","overlay-gradient":""},"mobile":{"background-color":"var(--ast-global-color-5)","background-image":"","background-repeat":"repeat","background-position":"center center","background-size":"auto","background-attachment":"scroll","background-type":"","background-media":"","overlay-type":"","overlay-color":"","overlay-opacity":"","overlay-gradient":""}},"footnotes":""},"class_list":["post-4368","page","type-page","status-publish","hentry"],"yoast_head":"<!-- This site is optimized with the Yoast SEO plugin v25.9 - https:\/\/yoast.com\/wordpress\/plugins\/seo\/ -->\n<title>Qui\u00e9nes somos - Biennal de Fotografia Xavier Miserachs<\/title>\n<meta name=\"robots\" content=\"index, follow, max-snippet:-1, max-image-preview:large, max-video-preview:-1\" \/>\n<link rel=\"canonical\" href=\"https:\/\/biennalxmiserachs.org\/es\/quienes-somos\/\" \/>\n<meta property=\"og:locale\" content=\"es_ES\" \/>\n<meta property=\"og:type\" content=\"article\" \/>\n<meta property=\"og:title\" content=\"Qui\u00e9nes somos - Biennal de Fotografia Xavier Miserachs\" \/>\n<meta property=\"og:description\" content=\"Biennal de Fotografia Xavier Miserachs El 14 de agosto de 1998 fallec\u00eda prematuramente el reconocido fot\u00f3grafo Xavier Miserachs. Estrechamente vinculado al Empord\u00e0 desde los a\u00f1os sesenta \u2013cuando realiz\u00f3 varios reportajes relacionados con un turismo entonces incipiente pero que acabar\u00eda transformando la sociedad y el paisaje de la zona\u2013, Xavier Miserachs (Barcelona, 1937-1998) cre\u00f3 un v\u00ednculo [&hellip;]\" \/>\n<meta property=\"og:url\" content=\"https:\/\/biennalxmiserachs.org\/es\/quienes-somos\/\" \/>\n<meta property=\"og:site_name\" content=\"Biennal de Fotografia Xavier Miserachs\" \/>\n<meta property=\"article:publisher\" content=\"https:\/\/www.facebook.com\/biennalfotografiaxaviermiserachs\/\" \/>\n<meta property=\"article:modified_time\" content=\"2025-10-22T12:02:20+00:00\" \/>\n<meta property=\"og:image\" content=\"https:\/\/biennalxmiserachs.org\/wp-content\/uploads\/2025\/07\/xavier-miserachs.jpg\" \/>\n\t<meta property=\"og:image:width\" content=\"500\" \/>\n\t<meta property=\"og:image:height\" content=\"727\" \/>\n\t<meta property=\"og:image:type\" content=\"image\/jpeg\" \/>\n<meta name=\"twitter:card\" content=\"summary_large_image\" \/>\n<meta name=\"twitter:label1\" content=\"Tiempo de lectura\" \/>\n\t<meta name=\"twitter:data1\" content=\"2 minutos\" \/>\n<script type=\"application\/ld+json\" class=\"yoast-schema-graph\">{\"@context\":\"https:\/\/schema.org\",\"@graph\":[{\"@type\":\"WebPage\",\"@id\":\"https:\/\/biennalxmiserachs.org\/es\/quienes-somos\/\",\"url\":\"https:\/\/biennalxmiserachs.org\/es\/quienes-somos\/\",\"name\":\"Qui\u00e9nes somos - Biennal de Fotografia Xavier Miserachs\",\"isPartOf\":{\"@id\":\"https:\/\/biennalxmiserachs.org\/#website\"},\"primaryImageOfPage\":{\"@id\":\"https:\/\/biennalxmiserachs.org\/es\/quienes-somos\/#primaryimage\"},\"image\":{\"@id\":\"https:\/\/biennalxmiserachs.org\/es\/quienes-somos\/#primaryimage\"},\"thumbnailUrl\":\"https:\/\/biennalxmiserachs.org\/wp-content\/uploads\/2025\/07\/xavier-miserachs.jpg\",\"datePublished\":\"2025-09-01T21:38:21+00:00\",\"dateModified\":\"2025-10-22T12:02:20+00:00\",\"breadcrumb\":{\"@id\":\"https:\/\/biennalxmiserachs.org\/es\/quienes-somos\/#breadcrumb\"},\"inLanguage\":\"es\",\"potentialAction\":[{\"@type\":\"ReadAction\",\"target\":[\"https:\/\/biennalxmiserachs.org\/es\/quienes-somos\/\"]}]},{\"@type\":\"ImageObject\",\"inLanguage\":\"es\",\"@id\":\"https:\/\/biennalxmiserachs.org\/es\/quienes-somos\/#primaryimage\",\"url\":\"https:\/\/biennalxmiserachs.org\/wp-content\/uploads\/2025\/07\/xavier-miserachs.jpg\",\"contentUrl\":\"https:\/\/biennalxmiserachs.org\/wp-content\/uploads\/2025\/07\/xavier-miserachs.jpg\"},{\"@type\":\"BreadcrumbList\",\"@id\":\"https:\/\/biennalxmiserachs.org\/es\/quienes-somos\/#breadcrumb\",\"itemListElement\":[{\"@type\":\"ListItem\",\"position\":1,\"name\":\"Inici\",\"item\":\"https:\/\/biennalxmiserachs.org\/es\/inicio\/\"},{\"@type\":\"ListItem\",\"position\":2,\"name\":\"Qui\u00e9nes somos\"}]},{\"@type\":\"WebSite\",\"@id\":\"https:\/\/biennalxmiserachs.org\/#website\",\"url\":\"https:\/\/biennalxmiserachs.org\/\",\"name\":\"Biennal de Fotografia Xavier Miserachs\",\"description\":\"\",\"publisher\":{\"@id\":\"https:\/\/biennalxmiserachs.org\/#organization\"},\"potentialAction\":[{\"@type\":\"SearchAction\",\"target\":{\"@type\":\"EntryPoint\",\"urlTemplate\":\"https:\/\/biennalxmiserachs.org\/?s={search_term_string}\"},\"query-input\":{\"@type\":\"PropertyValueSpecification\",\"valueRequired\":true,\"valueName\":\"search_term_string\"}}],\"inLanguage\":\"es\"},{\"@type\":\"Organization\",\"@id\":\"https:\/\/biennalxmiserachs.org\/#organization\",\"name\":\"Biennal de Fotografia Xavier Miserachs\",\"url\":\"https:\/\/biennalxmiserachs.org\/\",\"logo\":{\"@type\":\"ImageObject\",\"inLanguage\":\"es\",\"@id\":\"https:\/\/biennalxmiserachs.org\/#\/schema\/logo\/image\/\",\"url\":\"https:\/\/biennalxmiserachs.org\/wp-content\/uploads\/2025\/04\/cropped-logo-biennal-xavier-miserachs.png\",\"contentUrl\":\"https:\/\/biennalxmiserachs.org\/wp-content\/uploads\/2025\/04\/cropped-logo-biennal-xavier-miserachs.png\",\"width\":500,\"height\":425,\"caption\":\"Biennal de Fotografia Xavier Miserachs\"},\"image\":{\"@id\":\"https:\/\/biennalxmiserachs.org\/#\/schema\/logo\/image\/\"},\"sameAs\":[\"https:\/\/www.facebook.com\/biennalfotografiaxaviermiserachs\/\",\"https:\/\/www.instagram.com\/biennalxmiserachs\/\"]}]}<\/script>\n<!-- \/ Yoast SEO plugin. -->","yoast_head_json":{"title":"Qui\u00e9nes somos - Biennal de Fotografia Xavier Miserachs","robots":{"index":"index","follow":"follow","max-snippet":"max-snippet:-1","max-image-preview":"max-image-preview:large","max-video-preview":"max-video-preview:-1"},"canonical":"https:\/\/biennalxmiserachs.org\/es\/quienes-somos\/","og_locale":"es_ES","og_type":"article","og_title":"Qui\u00e9nes somos - Biennal de Fotografia Xavier Miserachs","og_description":"Biennal de Fotografia Xavier Miserachs El 14 de agosto de 1998 fallec\u00eda prematuramente el reconocido fot\u00f3grafo Xavier Miserachs. Estrechamente vinculado al Empord\u00e0 desde los a\u00f1os sesenta \u2013cuando realiz\u00f3 varios reportajes relacionados con un turismo entonces incipiente pero que acabar\u00eda transformando la sociedad y el paisaje de la zona\u2013, Xavier Miserachs (Barcelona, 1937-1998) cre\u00f3 un v\u00ednculo [&hellip;]","og_url":"https:\/\/biennalxmiserachs.org\/es\/quienes-somos\/","og_site_name":"Biennal de Fotografia Xavier Miserachs","article_publisher":"https:\/\/www.facebook.com\/biennalfotografiaxaviermiserachs\/","article_modified_time":"2025-10-22T12:02:20+00:00","og_image":[{"width":500,"height":727,"url":"https:\/\/biennalxmiserachs.org\/wp-content\/uploads\/2025\/07\/xavier-miserachs.jpg","type":"image\/jpeg"}],"twitter_card":"summary_large_image","twitter_misc":{"Tiempo de lectura":"2 minutos"},"schema":{"@context":"https:\/\/schema.org","@graph":[{"@type":"WebPage","@id":"https:\/\/biennalxmiserachs.org\/es\/quienes-somos\/","url":"https:\/\/biennalxmiserachs.org\/es\/quienes-somos\/","name":"Qui\u00e9nes somos - Biennal de Fotografia Xavier Miserachs","isPartOf":{"@id":"https:\/\/biennalxmiserachs.org\/#website"},"primaryImageOfPage":{"@id":"https:\/\/biennalxmiserachs.org\/es\/quienes-somos\/#primaryimage"},"image":{"@id":"https:\/\/biennalxmiserachs.org\/es\/quienes-somos\/#primaryimage"},"thumbnailUrl":"https:\/\/biennalxmiserachs.org\/wp-content\/uploads\/2025\/07\/xavier-miserachs.jpg","datePublished":"2025-09-01T21:38:21+00:00","dateModified":"2025-10-22T12:02:20+00:00","breadcrumb":{"@id":"https:\/\/biennalxmiserachs.org\/es\/quienes-somos\/#breadcrumb"},"inLanguage":"es","potentialAction":[{"@type":"ReadAction","target":["https:\/\/biennalxmiserachs.org\/es\/quienes-somos\/"]}]},{"@type":"ImageObject","inLanguage":"es","@id":"https:\/\/biennalxmiserachs.org\/es\/quienes-somos\/#primaryimage","url":"https:\/\/biennalxmiserachs.org\/wp-content\/uploads\/2025\/07\/xavier-miserachs.jpg","contentUrl":"https:\/\/biennalxmiserachs.org\/wp-content\/uploads\/2025\/07\/xavier-miserachs.jpg"},{"@type":"BreadcrumbList","@id":"https:\/\/biennalxmiserachs.org\/es\/quienes-somos\/#breadcrumb","itemListElement":[{"@type":"ListItem","position":1,"name":"Inici","item":"https:\/\/biennalxmiserachs.org\/es\/inicio\/"},{"@type":"ListItem","position":2,"name":"Qui\u00e9nes somos"}]},{"@type":"WebSite","@id":"https:\/\/biennalxmiserachs.org\/#website","url":"https:\/\/biennalxmiserachs.org\/","name":"Biennal de Fotografia Xavier Miserachs","description":"","publisher":{"@id":"https:\/\/biennalxmiserachs.org\/#organization"},"potentialAction":[{"@type":"SearchAction","target":{"@type":"EntryPoint","urlTemplate":"https:\/\/biennalxmiserachs.org\/?s={search_term_string}"},"query-input":{"@type":"PropertyValueSpecification","valueRequired":true,"valueName":"search_term_string"}}],"inLanguage":"es"},{"@type":"Organization","@id":"https:\/\/biennalxmiserachs.org\/#organization","name":"Biennal de Fotografia Xavier Miserachs","url":"https:\/\/biennalxmiserachs.org\/","logo":{"@type":"ImageObject","inLanguage":"es","@id":"https:\/\/biennalxmiserachs.org\/#\/schema\/logo\/image\/","url":"https:\/\/biennalxmiserachs.org\/wp-content\/uploads\/2025\/04\/cropped-logo-biennal-xavier-miserachs.png","contentUrl":"https:\/\/biennalxmiserachs.org\/wp-content\/uploads\/2025\/04\/cropped-logo-biennal-xavier-miserachs.png","width":500,"height":425,"caption":"Biennal de Fotografia Xavier Miserachs"},"image":{"@id":"https:\/\/biennalxmiserachs.org\/#\/schema\/logo\/image\/"},"sameAs":["https:\/\/www.facebook.com\/biennalfotografiaxaviermiserachs\/","https:\/\/www.instagram.com\/biennalxmiserachs\/"]}]}},"_links":{"self":[{"href":"https:\/\/biennalxmiserachs.org\/es\/wp-json\/wp\/v2\/pages\/4368","targetHints":{"allow":["GET"]}}],"collection":[{"href":"https:\/\/biennalxmiserachs.org\/es\/wp-json\/wp\/v2\/pages"}],"about":[{"href":"https:\/\/biennalxmiserachs.org\/es\/wp-json\/wp\/v2\/types\/page"}],"author":[{"embeddable":true,"href":"https:\/\/biennalxmiserachs.org\/es\/wp-json\/wp\/v2\/users\/1"}],"replies":[{"embeddable":true,"href":"https:\/\/biennalxmiserachs.org\/es\/wp-json\/wp\/v2\/comments?post=4368"}],"version-history":[{"count":8,"href":"https:\/\/biennalxmiserachs.org\/es\/wp-json\/wp\/v2\/pages\/4368\/revisions"}],"predecessor-version":[{"id":4905,"href":"https:\/\/biennalxmiserachs.org\/es\/wp-json\/wp\/v2\/pages\/4368\/revisions\/4905"}],"wp:attachment":[{"href":"https:\/\/biennalxmiserachs.org\/es\/wp-json\/wp\/v2\/media?parent=4368"}],"curies":[{"name":"wp","href":"https:\/\/api.w.org\/{rel}","templated":true}]}}