{"id":4410,"date":"2025-06-26T08:30:03","date_gmt":"2025-06-26T08:30:03","guid":{"rendered":"https:\/\/biennalxmiserachs.org\/accueil\/"},"modified":"2025-10-20T09:18:43","modified_gmt":"2025-10-20T09:18:43","slug":"accueil","status":"publish","type":"page","link":"https:\/\/biennalxmiserachs.org\/fr\/","title":{"rendered":"Accueil"},"content":{"rendered":"\t\t<div data-elementor-type=\"wp-post\" data-elementor-id=\"4410\" class=\"elementor elementor-4410 elementor-1784\" data-elementor-post-type=\"page\">\n\t\t\t\t<div class=\"elementor-element elementor-element-e2c2881 e-con-full e-flex e-con e-parent\" data-id=\"e2c2881\" data-element_type=\"container\" data-e-type=\"container\" data-settings=\"{&quot;background_background&quot;:&quot;video&quot;,&quot;background_video_link&quot;:&quot;https:\\\/\\\/vimeo.com\\\/1107042732?ts=0&amp;share=copy&quot;,&quot;background_video_start&quot;:0,&quot;background_video_end&quot;:87,&quot;background_play_on_mobile&quot;:&quot;yes&quot;}\">\n\t\t<div class=\"elementor-background-video-container\">\n\t\t\t\t\t\t\t<div class=\"elementor-background-video-embed\" role=\"presentation\"><\/div>\n\t\t\t\t\t\t<\/div><div class=\"elementor-element elementor-element-aab8423 e-con-full e-flex e-con e-child\" data-id=\"aab8423\" data-element_type=\"container\" data-e-type=\"container\">\n\t\t\t\t<div class=\"elementor-element elementor-element-95a0751 elementor-widget elementor-widget-heading\" data-id=\"95a0751\" data-element_type=\"widget\" data-e-type=\"widget\" data-widget_type=\"heading.default\">\n\t\t\t\t<div class=\"elementor-widget-container\">\n\t\t\t\t\t<h1 class=\"elementor-heading-title elementor-size-default\">Nous pr\u00e9parons une nouvelle \u00e9dition<\/h1>\t\t\t\t<\/div>\n\t\t\t\t<\/div>\n\t\t\t\t<div class=\"elementor-element elementor-element-3c15cc5 elementor-widget elementor-widget-heading\" data-id=\"3c15cc5\" data-element_type=\"widget\" data-e-type=\"widget\" data-widget_type=\"heading.default\">\n\t\t\t\t<div class=\"elementor-widget-container\">\n\t\t\t\t\t<h3 class=\"elementor-heading-title elementor-size-default\">Palafrugell, du 1er ao\u00fbt au 18 octobre 2026<\/h3>\t\t\t\t<\/div>\n\t\t\t\t<\/div>\n\t\t\t\t<\/div>\n\t\t\t\t<\/div>\n\t\t<div class=\"elementor-element elementor-element-0b0f2eb e-flex e-con-boxed e-con e-parent\" data-id=\"0b0f2eb\" data-element_type=\"container\" data-e-type=\"container\">\n\t\t\t\t\t<div class=\"e-con-inner\">\n\t\t<div class=\"elementor-element elementor-element-cb06623 e-con-full e-flex e-con e-child\" data-id=\"cb06623\" data-element_type=\"container\" data-e-type=\"container\">\n\t\t\t\t<div class=\"elementor-element elementor-element-5b5b26d elementor-widget elementor-widget-image\" data-id=\"5b5b26d\" data-element_type=\"widget\" data-e-type=\"widget\" data-widget_type=\"image.default\">\n\t\t\t\t<div class=\"elementor-widget-container\">\n\t\t\t\t\t\t\t\t\t\t\t\t\t\t\t<img fetchpriority=\"high\" decoding=\"async\" width=\"794\" height=\"1024\" src=\"https:\/\/biennalxmiserachs.org\/wp-content\/uploads\/2025\/04\/logo-XIV-biennal-2026-794x1024.png\" class=\"attachment-large size-large wp-image-2869\" alt=\"\" srcset=\"https:\/\/biennalxmiserachs.org\/wp-content\/uploads\/2025\/04\/logo-XIV-biennal-2026-794x1024.png 794w, https:\/\/biennalxmiserachs.org\/wp-content\/uploads\/2025\/04\/logo-XIV-biennal-2026-233x300.png 233w, https:\/\/biennalxmiserachs.org\/wp-content\/uploads\/2025\/04\/logo-XIV-biennal-2026-768x990.png 768w, https:\/\/biennalxmiserachs.org\/wp-content\/uploads\/2025\/04\/logo-XIV-biennal-2026.png 1000w\" sizes=\"(max-width: 794px) 100vw, 794px\" \/>\t\t\t\t\t\t\t\t\t\t\t\t\t\t\t<\/div>\n\t\t\t\t<\/div>\n\t\t\t\t<\/div>\n\t\t<div class=\"elementor-element elementor-element-e0a7a71 e-con-full e-flex e-con e-child\" data-id=\"e0a7a71\" data-element_type=\"container\" data-e-type=\"container\">\n\t\t\t\t<div class=\"elementor-element elementor-element-4c50223 elementor-widget elementor-widget-text-editor\" data-id=\"4c50223\" data-element_type=\"widget\" data-e-type=\"widget\" data-widget_type=\"text-editor.default\">\n\t\t\t\t<div class=\"elementor-widget-container\">\n\t\t\t\t\t\t\t\t\t<p style=\"font-weight: 400;\">Nous avons d\u2019ores et d\u00e9j\u00e0 commenc\u00e9 \u00e0 travailler sur la prochaine \u00e9dition de la Biennal afin de vous proposer, une fois de plus, un programme de qualit\u00e9, accessible et inspirant. Nous sommes en train de s\u00e9lectionner des projets, de rechercher des lieux et de prendre soin de chaque d\u00e9tail pour que cet \u00e9v\u00e9nement soit de nouveau un rendez-vous incontournable pour les passionn\u00e9s de photographie. <\/p><div><span lang=\"CA\">\u00c0 Palafrugell, vous pourrez de nouveau d\u00e9couvrir des expositions de personnalit\u00e9s de grande renomm\u00e9e internationale, de copains de voyage de Xavier Miserachs, de jeunes photographes et d\u2019archives r\u00e9cup\u00e9r\u00e9es et sorties de l\u2019anonymat, ainsi que diverses activit\u00e9s compl\u00e9mentaires.<\/span><\/div><div> <\/div><p style=\"font-weight: 400;\"><br>Nous serons ravis de partager avec vous toutes les nouveaut\u00e9s via notre site web et nos r\u00e9seaux sociaux. En attendant, nous continuons \u00e0 travailler avec enthousiasme pour faire grandir la Biennal de Fotografia Xavier Miserachs. <\/p><p data-start=\"217\" data-end=\"568\"><span style=\"font-weight: 400;\">Merci d\u2019\u00eatre l\u00e0 et \u00e0 bient\u00f4t ! <\/span><\/p>\t\t\t\t\t\t\t\t<\/div>\n\t\t\t\t<\/div>\n\t\t\t\t<\/div>\n\t\t\t\t\t<\/div>\n\t\t\t\t<\/div>\n\t\t<div class=\"elementor-element elementor-element-47ce265 elementor-hidden-desktop elementor-hidden-tablet elementor-hidden-mobile e-flex e-con-boxed e-con e-parent\" data-id=\"47ce265\" data-element_type=\"container\" data-e-type=\"container\">\n\t\t\t\t\t<div class=\"e-con-inner\">\n\t\t\t\t\t<\/div>\n\t\t\t\t<\/div>\n\t\t\t\t<\/div>\n\t\t","protected":false},"excerpt":{"rendered":"<p>Nous pr\u00e9parons une nouvelle \u00e9dition Palafrugell, du 1er ao\u00fbt au 18 octobre 2026 Nous avons d\u2019ores et d\u00e9j\u00e0 commenc\u00e9 \u00e0 travailler sur la prochaine \u00e9dition de la Biennal afin de vous proposer, une fois de plus, un programme de qualit\u00e9, accessible et inspirant. Nous sommes en train de s\u00e9lectionner des projets, de rechercher des lieux [&hellip;]<\/p>\n","protected":false},"author":1,"featured_media":0,"parent":0,"menu_order":0,"comment_status":"closed","ping_status":"closed","template":"","meta":{"site-sidebar-layout":"no-sidebar","site-content-layout":"page-builder","ast-site-content-layout":"full-width-container","site-content-style":"unboxed","site-sidebar-style":"unboxed","ast-global-header-display":"","ast-banner-title-visibility":"","ast-main-header-display":"","ast-hfb-above-header-display":"","ast-hfb-below-header-display":"","ast-hfb-mobile-header-display":"","site-post-title":"","ast-breadcrumbs-content":"","ast-featured-img":"disabled","footer-sml-layout":"","ast-disable-related-posts":"","theme-transparent-header-meta":"default","adv-header-id-meta":"","stick-header-meta":"default","header-above-stick-meta":"","header-main-stick-meta":"","header-below-stick-meta":"","astra-migrate-meta-layouts":"default","ast-page-background-enabled":"default","ast-page-background-meta":{"desktop":{"background-color":"","background-image":"","background-repeat":"repeat","background-position":"center center","background-size":"auto","background-attachment":"scroll","background-type":"","background-media":"","overlay-type":"","overlay-color":"","overlay-opacity":"","overlay-gradient":""},"tablet":{"background-color":"","background-image":"","background-repeat":"repeat","background-position":"center center","background-size":"auto","background-attachment":"scroll","background-type":"","background-media":"","overlay-type":"","overlay-color":"","overlay-opacity":"","overlay-gradient":""},"mobile":{"background-color":"","background-image":"","background-repeat":"repeat","background-position":"center center","background-size":"auto","background-attachment":"scroll","background-type":"","background-media":"","overlay-type":"","overlay-color":"","overlay-opacity":"","overlay-gradient":""}},"ast-content-background-meta":{"desktop":{"background-color":"var(--ast-global-color-5)","background-image":"","background-repeat":"repeat","background-position":"center center","background-size":"auto","background-attachment":"scroll","background-type":"","background-media":"","overlay-type":"","overlay-color":"","overlay-opacity":"","overlay-gradient":""},"tablet":{"background-color":"var(--ast-global-color-5)","background-image":"","background-repeat":"repeat","background-position":"center center","background-size":"auto","background-attachment":"scroll","background-type":"","background-media":"","overlay-type":"","overlay-color":"","overlay-opacity":"","overlay-gradient":""},"mobile":{"background-color":"var(--ast-global-color-5)","background-image":"","background-repeat":"repeat","background-position":"center center","background-size":"auto","background-attachment":"scroll","background-type":"","background-media":"","overlay-type":"","overlay-color":"","overlay-opacity":"","overlay-gradient":""}},"footnotes":""},"class_list":["post-4410","page","type-page","status-publish","hentry"],"yoast_head":"<!-- This site is optimized with the Yoast SEO plugin v27.4 - https:\/\/yoast.com\/product\/yoast-seo-wordpress\/ -->\n<title>Accueil - Biennal de Fotografia Xavier Miserachs<\/title>\n<meta name=\"robots\" content=\"index, follow, max-snippet:-1, max-image-preview:large, max-video-preview:-1\" \/>\n<link rel=\"canonical\" href=\"https:\/\/biennalxmiserachs.org\/fr\/accueil\/\" \/>\n<meta property=\"og:locale\" content=\"fr_FR\" \/>\n<meta property=\"og:type\" content=\"article\" \/>\n<meta property=\"og:title\" content=\"Accueil - Biennal de Fotografia Xavier Miserachs\" \/>\n<meta property=\"og:description\" content=\"Nous pr\u00e9parons une nouvelle \u00e9dition Palafrugell, du 1er ao\u00fbt au 18 octobre 2026 Nous avons d\u2019ores et d\u00e9j\u00e0 commenc\u00e9 \u00e0 travailler sur la prochaine \u00e9dition de la Biennal afin de vous proposer, une fois de plus, un programme de qualit\u00e9, accessible et inspirant. Nous sommes en train de s\u00e9lectionner des projets, de rechercher des lieux [&hellip;]\" \/>\n<meta property=\"og:url\" content=\"https:\/\/biennalxmiserachs.org\/fr\/accueil\/\" \/>\n<meta property=\"og:site_name\" content=\"Biennal de Fotografia Xavier Miserachs\" \/>\n<meta property=\"article:publisher\" content=\"https:\/\/www.facebook.com\/biennalfotografiaxaviermiserachs\/\" \/>\n<meta property=\"article:modified_time\" content=\"2025-10-20T09:18:43+00:00\" \/>\n<meta property=\"og:image\" content=\"https:\/\/biennalxmiserachs.org\/wp-content\/uploads\/2025\/04\/logo-XIV-biennal-2026.png\" \/>\n\t<meta property=\"og:image:width\" content=\"1000\" \/>\n\t<meta property=\"og:image:height\" content=\"1289\" \/>\n\t<meta property=\"og:image:type\" content=\"image\/png\" \/>\n<meta name=\"twitter:card\" content=\"summary_large_image\" \/>\n<meta name=\"twitter:label1\" content=\"Dur\u00e9e de lecture estim\u00e9e\" \/>\n\t<meta name=\"twitter:data1\" content=\"1 minute\" \/>\n<script type=\"application\/ld+json\" class=\"yoast-schema-graph\">{\"@context\":\"https:\\\/\\\/schema.org\",\"@graph\":[{\"@type\":\"WebPage\",\"@id\":\"https:\\\/\\\/biennalxmiserachs.org\\\/fr\\\/accueil\\\/\",\"url\":\"https:\\\/\\\/biennalxmiserachs.org\\\/fr\\\/accueil\\\/\",\"name\":\"Accueil - Biennal de Fotografia Xavier Miserachs\",\"isPartOf\":{\"@id\":\"https:\\\/\\\/biennalxmiserachs.org\\\/#website\"},\"primaryImageOfPage\":{\"@id\":\"https:\\\/\\\/biennalxmiserachs.org\\\/fr\\\/accueil\\\/#primaryimage\"},\"image\":{\"@id\":\"https:\\\/\\\/biennalxmiserachs.org\\\/fr\\\/accueil\\\/#primaryimage\"},\"thumbnailUrl\":\"https:\\\/\\\/biennalxmiserachs.org\\\/wp-content\\\/uploads\\\/2025\\\/04\\\/logo-XIV-biennal-2026-794x1024.png\",\"datePublished\":\"2025-06-26T08:30:03+00:00\",\"dateModified\":\"2025-10-20T09:18:43+00:00\",\"breadcrumb\":{\"@id\":\"https:\\\/\\\/biennalxmiserachs.org\\\/fr\\\/accueil\\\/#breadcrumb\"},\"inLanguage\":\"fr-FR\",\"potentialAction\":[{\"@type\":\"ReadAction\",\"target\":[\"https:\\\/\\\/biennalxmiserachs.org\\\/fr\\\/accueil\\\/\"]}]},{\"@type\":\"ImageObject\",\"inLanguage\":\"fr-FR\",\"@id\":\"https:\\\/\\\/biennalxmiserachs.org\\\/fr\\\/accueil\\\/#primaryimage\",\"url\":\"https:\\\/\\\/biennalxmiserachs.org\\\/wp-content\\\/uploads\\\/2025\\\/04\\\/logo-XIV-biennal-2026-794x1024.png\",\"contentUrl\":\"https:\\\/\\\/biennalxmiserachs.org\\\/wp-content\\\/uploads\\\/2025\\\/04\\\/logo-XIV-biennal-2026-794x1024.png\"},{\"@type\":\"BreadcrumbList\",\"@id\":\"https:\\\/\\\/biennalxmiserachs.org\\\/fr\\\/accueil\\\/#breadcrumb\",\"itemListElement\":[{\"@type\":\"ListItem\",\"position\":1,\"name\":\"Inici\",\"item\":\"https:\\\/\\\/biennalxmiserachs.org\\\/fr\\\/accueil\\\/\"},{\"@type\":\"ListItem\",\"position\":2,\"name\":\"Accueil\"}]},{\"@type\":\"WebSite\",\"@id\":\"https:\\\/\\\/biennalxmiserachs.org\\\/#website\",\"url\":\"https:\\\/\\\/biennalxmiserachs.org\\\/\",\"name\":\"Biennal de Fotografia Xavier Miserachs\",\"description\":\"\",\"publisher\":{\"@id\":\"https:\\\/\\\/biennalxmiserachs.org\\\/#organization\"},\"potentialAction\":[{\"@type\":\"SearchAction\",\"target\":{\"@type\":\"EntryPoint\",\"urlTemplate\":\"https:\\\/\\\/biennalxmiserachs.org\\\/?s={search_term_string}\"},\"query-input\":{\"@type\":\"PropertyValueSpecification\",\"valueRequired\":true,\"valueName\":\"search_term_string\"}}],\"inLanguage\":\"fr-FR\"},{\"@type\":\"Organization\",\"@id\":\"https:\\\/\\\/biennalxmiserachs.org\\\/#organization\",\"name\":\"Biennal de Fotografia Xavier Miserachs\",\"url\":\"https:\\\/\\\/biennalxmiserachs.org\\\/\",\"logo\":{\"@type\":\"ImageObject\",\"inLanguage\":\"fr-FR\",\"@id\":\"https:\\\/\\\/biennalxmiserachs.org\\\/#\\\/schema\\\/logo\\\/image\\\/\",\"url\":\"https:\\\/\\\/biennalxmiserachs.org\\\/wp-content\\\/uploads\\\/2025\\\/04\\\/cropped-logo-biennal-xavier-miserachs.png\",\"contentUrl\":\"https:\\\/\\\/biennalxmiserachs.org\\\/wp-content\\\/uploads\\\/2025\\\/04\\\/cropped-logo-biennal-xavier-miserachs.png\",\"width\":500,\"height\":425,\"caption\":\"Biennal de Fotografia Xavier Miserachs\"},\"image\":{\"@id\":\"https:\\\/\\\/biennalxmiserachs.org\\\/#\\\/schema\\\/logo\\\/image\\\/\"},\"sameAs\":[\"https:\\\/\\\/www.facebook.com\\\/biennalfotografiaxaviermiserachs\\\/\",\"https:\\\/\\\/www.instagram.com\\\/biennalxmiserachs\\\/\"]}]}<\/script>\n<!-- \/ Yoast SEO plugin. -->","yoast_head_json":{"title":"Accueil - Biennal de Fotografia Xavier Miserachs","robots":{"index":"index","follow":"follow","max-snippet":"max-snippet:-1","max-image-preview":"max-image-preview:large","max-video-preview":"max-video-preview:-1"},"canonical":"https:\/\/biennalxmiserachs.org\/fr\/accueil\/","og_locale":"fr_FR","og_type":"article","og_title":"Accueil - Biennal de Fotografia Xavier Miserachs","og_description":"Nous pr\u00e9parons une nouvelle \u00e9dition Palafrugell, du 1er ao\u00fbt au 18 octobre 2026 Nous avons d\u2019ores et d\u00e9j\u00e0 commenc\u00e9 \u00e0 travailler sur la prochaine \u00e9dition de la Biennal afin de vous proposer, une fois de plus, un programme de qualit\u00e9, accessible et inspirant. Nous sommes en train de s\u00e9lectionner des projets, de rechercher des lieux [&hellip;]","og_url":"https:\/\/biennalxmiserachs.org\/fr\/accueil\/","og_site_name":"Biennal de Fotografia Xavier Miserachs","article_publisher":"https:\/\/www.facebook.com\/biennalfotografiaxaviermiserachs\/","article_modified_time":"2025-10-20T09:18:43+00:00","og_image":[{"width":1000,"height":1289,"url":"https:\/\/biennalxmiserachs.org\/wp-content\/uploads\/2025\/04\/logo-XIV-biennal-2026.png","type":"image\/png"}],"twitter_card":"summary_large_image","twitter_misc":{"Dur\u00e9e de lecture estim\u00e9e":"1 minute"},"schema":{"@context":"https:\/\/schema.org","@graph":[{"@type":"WebPage","@id":"https:\/\/biennalxmiserachs.org\/fr\/accueil\/","url":"https:\/\/biennalxmiserachs.org\/fr\/accueil\/","name":"Accueil - Biennal de Fotografia Xavier Miserachs","isPartOf":{"@id":"https:\/\/biennalxmiserachs.org\/#website"},"primaryImageOfPage":{"@id":"https:\/\/biennalxmiserachs.org\/fr\/accueil\/#primaryimage"},"image":{"@id":"https:\/\/biennalxmiserachs.org\/fr\/accueil\/#primaryimage"},"thumbnailUrl":"https:\/\/biennalxmiserachs.org\/wp-content\/uploads\/2025\/04\/logo-XIV-biennal-2026-794x1024.png","datePublished":"2025-06-26T08:30:03+00:00","dateModified":"2025-10-20T09:18:43+00:00","breadcrumb":{"@id":"https:\/\/biennalxmiserachs.org\/fr\/accueil\/#breadcrumb"},"inLanguage":"fr-FR","potentialAction":[{"@type":"ReadAction","target":["https:\/\/biennalxmiserachs.org\/fr\/accueil\/"]}]},{"@type":"ImageObject","inLanguage":"fr-FR","@id":"https:\/\/biennalxmiserachs.org\/fr\/accueil\/#primaryimage","url":"https:\/\/biennalxmiserachs.org\/wp-content\/uploads\/2025\/04\/logo-XIV-biennal-2026-794x1024.png","contentUrl":"https:\/\/biennalxmiserachs.org\/wp-content\/uploads\/2025\/04\/logo-XIV-biennal-2026-794x1024.png"},{"@type":"BreadcrumbList","@id":"https:\/\/biennalxmiserachs.org\/fr\/accueil\/#breadcrumb","itemListElement":[{"@type":"ListItem","position":1,"name":"Inici","item":"https:\/\/biennalxmiserachs.org\/fr\/accueil\/"},{"@type":"ListItem","position":2,"name":"Accueil"}]},{"@type":"WebSite","@id":"https:\/\/biennalxmiserachs.org\/#website","url":"https:\/\/biennalxmiserachs.org\/","name":"Biennal de Fotografia Xavier Miserachs","description":"","publisher":{"@id":"https:\/\/biennalxmiserachs.org\/#organization"},"potentialAction":[{"@type":"SearchAction","target":{"@type":"EntryPoint","urlTemplate":"https:\/\/biennalxmiserachs.org\/?s={search_term_string}"},"query-input":{"@type":"PropertyValueSpecification","valueRequired":true,"valueName":"search_term_string"}}],"inLanguage":"fr-FR"},{"@type":"Organization","@id":"https:\/\/biennalxmiserachs.org\/#organization","name":"Biennal de Fotografia Xavier Miserachs","url":"https:\/\/biennalxmiserachs.org\/","logo":{"@type":"ImageObject","inLanguage":"fr-FR","@id":"https:\/\/biennalxmiserachs.org\/#\/schema\/logo\/image\/","url":"https:\/\/biennalxmiserachs.org\/wp-content\/uploads\/2025\/04\/cropped-logo-biennal-xavier-miserachs.png","contentUrl":"https:\/\/biennalxmiserachs.org\/wp-content\/uploads\/2025\/04\/cropped-logo-biennal-xavier-miserachs.png","width":500,"height":425,"caption":"Biennal de Fotografia Xavier Miserachs"},"image":{"@id":"https:\/\/biennalxmiserachs.org\/#\/schema\/logo\/image\/"},"sameAs":["https:\/\/www.facebook.com\/biennalfotografiaxaviermiserachs\/","https:\/\/www.instagram.com\/biennalxmiserachs\/"]}]}},"_links":{"self":[{"href":"https:\/\/biennalxmiserachs.org\/fr\/wp-json\/wp\/v2\/pages\/4410","targetHints":{"allow":["GET"]}}],"collection":[{"href":"https:\/\/biennalxmiserachs.org\/fr\/wp-json\/wp\/v2\/pages"}],"about":[{"href":"https:\/\/biennalxmiserachs.org\/fr\/wp-json\/wp\/v2\/types\/page"}],"author":[{"embeddable":true,"href":"https:\/\/biennalxmiserachs.org\/fr\/wp-json\/wp\/v2\/users\/1"}],"replies":[{"embeddable":true,"href":"https:\/\/biennalxmiserachs.org\/fr\/wp-json\/wp\/v2\/comments?post=4410"}],"version-history":[{"count":9,"href":"https:\/\/biennalxmiserachs.org\/fr\/wp-json\/wp\/v2\/pages\/4410\/revisions"}],"predecessor-version":[{"id":4833,"href":"https:\/\/biennalxmiserachs.org\/fr\/wp-json\/wp\/v2\/pages\/4410\/revisions\/4833"}],"wp:attachment":[{"href":"https:\/\/biennalxmiserachs.org\/fr\/wp-json\/wp\/v2\/media?parent=4410"}],"curies":[{"name":"wp","href":"https:\/\/api.w.org\/{rel}","templated":true}]}}