{"id":4416,"date":"2025-06-30T17:08:12","date_gmt":"2025-06-30T17:08:12","guid":{"rendered":"https:\/\/biennalxmiserachs.org\/information-pratique\/"},"modified":"2026-04-02T13:39:41","modified_gmt":"2026-04-02T13:39:41","slug":"information-pratique","status":"publish","type":"page","link":"https:\/\/biennalxmiserachs.org\/fr\/information-pratique\/","title":{"rendered":"Information pratique"},"content":{"rendered":"\t\t<div data-elementor-type=\"wp-post\" data-elementor-id=\"4416\" class=\"elementor elementor-4416 elementor-1991\" data-elementor-post-type=\"page\">\n\t\t\t\t<div class=\"elementor-element elementor-element-7ad25cf e-flex e-con-boxed e-con e-parent\" data-id=\"7ad25cf\" data-element_type=\"container\" data-settings=\"{&quot;background_background&quot;:&quot;classic&quot;}\">\n\t\t\t\t\t<div class=\"e-con-inner\">\n\t\t<div class=\"elementor-element elementor-element-6dca5b8 e-con-full e-flex e-con e-child\" data-id=\"6dca5b8\" data-element_type=\"container\">\n\t\t\t\t<\/div>\n\t\t<div class=\"elementor-element elementor-element-6aa7bb0 e-con-full e-flex e-con e-child\" data-id=\"6aa7bb0\" data-element_type=\"container\">\n\t\t\t\t<\/div>\n\t\t\t\t\t<\/div>\n\t\t\t\t<\/div>\n\t\t<div class=\"elementor-element elementor-element-15e3b89 e-flex e-con-boxed e-con e-parent\" data-id=\"15e3b89\" data-element_type=\"container\">\n\t\t\t\t\t<div class=\"e-con-inner\">\n\t\t\t\t<div class=\"elementor-element elementor-element-5366715 elementor-view-default elementor-position-top elementor-mobile-position-top elementor-widget elementor-widget-icon-box\" data-id=\"5366715\" data-element_type=\"widget\" data-widget_type=\"icon-box.default\">\n\t\t\t\t<div class=\"elementor-widget-container\">\n\t\t\t\t\t\t\t<div class=\"elementor-icon-box-wrapper\">\n\n\t\t\t\t\t\t<div class=\"elementor-icon-box-icon\">\n\t\t\t\t<span  class=\"elementor-icon\">\n\t\t\t\t<svg aria-hidden=\"true\" class=\"e-font-icon-svg e-fas-car\" viewBox=\"0 0 512 512\" xmlns=\"http:\/\/www.w3.org\/2000\/svg\"><path d=\"M499.99 176h-59.87l-16.64-41.6C406.38 91.63 365.57 64 319.5 64h-127c-46.06 0-86.88 27.63-103.99 70.4L71.87 176H12.01C4.2 176-1.53 183.34.37 190.91l6 24C7.7 220.25 12.5 224 18.01 224h20.07C24.65 235.73 16 252.78 16 272v48c0 16.12 6.16 30.67 16 41.93V416c0 17.67 14.33 32 32 32h32c17.67 0 32-14.33 32-32v-32h256v32c0 17.67 14.33 32 32 32h32c17.67 0 32-14.33 32-32v-54.07c9.84-11.25 16-25.8 16-41.93v-48c0-19.22-8.65-36.27-22.07-48H494c5.51 0 10.31-3.75 11.64-9.09l6-24c1.89-7.57-3.84-14.91-11.65-14.91zm-352.06-17.83c7.29-18.22 24.94-30.17 44.57-30.17h127c19.63 0 37.28 11.95 44.57 30.17L384 208H128l19.93-49.83zM96 319.8c-19.2 0-32-12.76-32-31.9S76.8 256 96 256s48 28.71 48 47.85-28.8 15.95-48 15.95zm320 0c-19.2 0-48 3.19-48-15.95S396.8 256 416 256s32 12.76 32 31.9-12.8 31.9-32 31.9z\"><\/path><\/svg>\t\t\t\t<\/span>\n\t\t\t<\/div>\n\t\t\t\n\t\t\t\t\t\t<div class=\"elementor-icon-box-content\">\n\n\t\t\t\t\t\t\t\t\t<h3 class=\"elementor-icon-box-title\">\n\t\t\t\t\t\t<span  >\n\t\t\t\t\t\t\tMobilit\u00e9, transport et stationnement\t\t\t\t\t\t<\/span>\n\t\t\t\t\t<\/h3>\n\t\t\t\t\n\t\t\t\t\t\t\t\t\t<p class=\"elementor-icon-box-description\">\n\t\t\t\t\t\tConsultez\n\n\n<a href=\"https:\/\/visitpalafrugell.cat\/fr\/ce-que-vous-trouverez\/comment-y-arriver\/\" target=\"_blank\" style=\"font-weight:bold\">ICI<\/a>\n\n\t\t\t\t\t<\/p>\n\t\t\t\t\n\t\t\t<\/div>\n\t\t\t\n\t\t<\/div>\n\t\t\t\t\t\t<\/div>\n\t\t\t\t<\/div>\n\t\t\t\t<div class=\"elementor-element elementor-element-8cbdae1 elementor-widget elementor-widget-icon-box\" data-id=\"8cbdae1\" data-element_type=\"widget\" data-widget_type=\"icon-box.default\">\n\t\t\t\t<div class=\"elementor-widget-container\">\n\t\t\t\t\t\t\t<div class=\"elementor-icon-box-wrapper\">\n\n\t\t\t\n\t\t\t\t\t\t<div class=\"elementor-icon-box-content\">\n\n\t\t\t\t\t\t\t\t\t<h3 class=\"elementor-icon-box-title\">\n\t\t\t\t\t\t<span  >\n\t\t\t\t\t\t\tComment s\u2019y rendre \t\t\t\t\t\t<\/span>\n\t\t\t\t\t<\/h3>\n\t\t\t\t\n\t\t\t\t\t\t\t\t\t<p class=\"elementor-icon-box-description\">\n\t\t\t\t\t\t\n\t\t\t\t\t<\/p>\n\t\t\t\t\n\t\t\t<\/div>\n\t\t\t\n\t\t<\/div>\n\t\t\t\t\t\t<\/div>\n\t\t\t\t<\/div>\n\t\t\t\t<div class=\"elementor-element elementor-element-ee0eb98 elementor-widget elementor-widget-google_maps\" data-id=\"ee0eb98\" data-element_type=\"widget\" data-widget_type=\"google_maps.default\">\n\t\t\t\t<div class=\"elementor-widget-container\">\n\t\t\t\t\t\t\t<div class=\"elementor-custom-embed\">\n\t\t\t<iframe loading=\"lazy\"\n\t\t\t\t\tsrc=\"https:\/\/maps.google.com\/maps?q=palafrugell&#038;t=m&#038;z=10&#038;output=embed&#038;iwloc=near\"\n\t\t\t\t\ttitle=\"palafrugell\"\n\t\t\t\t\taria-label=\"palafrugell\"\n\t\t\t><\/iframe>\n\t\t<\/div>\n\t\t\t\t\t\t<\/div>\n\t\t\t\t<\/div>\n\t\t\t\t<div class=\"elementor-element elementor-element-2e79318 elementor-widget-divider--view-line elementor-widget elementor-widget-divider\" data-id=\"2e79318\" data-element_type=\"widget\" data-widget_type=\"divider.default\">\n\t\t\t\t<div class=\"elementor-widget-container\">\n\t\t\t\t\t\t\t<div class=\"elementor-divider\">\n\t\t\t<span class=\"elementor-divider-separator\">\n\t\t\t\t\t\t<\/span>\n\t\t<\/div>\n\t\t\t\t\t\t<\/div>\n\t\t\t\t<\/div>\n\t\t\t\t<div class=\"elementor-element elementor-element-0700023 elementor-view-default elementor-position-top elementor-mobile-position-top elementor-widget elementor-widget-icon-box\" data-id=\"0700023\" data-element_type=\"widget\" data-widget_type=\"icon-box.default\">\n\t\t\t\t<div class=\"elementor-widget-container\">\n\t\t\t\t\t\t\t<div class=\"elementor-icon-box-wrapper\">\n\n\t\t\t\t\t\t<div class=\"elementor-icon-box-icon\">\n\t\t\t\t<span  class=\"elementor-icon\">\n\t\t\t\t<svg aria-hidden=\"true\" class=\"e-font-icon-svg e-fas-ticket-alt\" viewBox=\"0 0 576 512\" xmlns=\"http:\/\/www.w3.org\/2000\/svg\"><path d=\"M128 160h320v192H128V160zm400 96c0 26.51 21.49 48 48 48v96c0 26.51-21.49 48-48 48H48c-26.51 0-48-21.49-48-48v-96c26.51 0 48-21.49 48-48s-21.49-48-48-48v-96c0-26.51 21.49-48 48-48h480c26.51 0 48 21.49 48 48v96c-26.51 0-48 21.49-48 48zm-48-104c0-13.255-10.745-24-24-24H120c-13.255 0-24 10.745-24 24v208c0 13.255 10.745 24 24 24h336c13.255 0 24-10.745 24-24V152z\"><\/path><\/svg>\t\t\t\t<\/span>\n\t\t\t<\/div>\n\t\t\t\n\t\t\t\t\t\t<div class=\"elementor-icon-box-content\">\n\n\t\t\t\t\t\t\t\t\t<h3 class=\"elementor-icon-box-title\">\n\t\t\t\t\t\t<span  >\n\t\t\t\t\t\t\tPoints de vente de billets\t\t\t\t\t\t<\/span>\n\t\t\t\t\t<\/h3>\n\t\t\t\t\n\t\t\t\t\t\t\t\t\t<p class=\"elementor-icon-box-description\">\n\t\t\t\t\t\t <b>\u2022 La B\u00f2bila.<\/b>\nCarrer de la Garriga, 24\n<\/br>\n <b>\u2022 Fundaci\u00f3 Vila Casas<\/b> (Fondation Vila Casas). \nPla\u00e7a de Can Mario, 7.\nTel. 972 30 62 46\n<\/br>\n <b>\u2022 Fundaci\u00f3 Josep Pla<\/b> (Fondation Josep Pla). \nCarrer Nou, 51.\nTel. 972 30 55 77\n\t\t\t\t\t<\/p>\n\t\t\t\t\n\t\t\t<\/div>\n\t\t\t\n\t\t<\/div>\n\t\t\t\t\t\t<\/div>\n\t\t\t\t<\/div>\n\t\t\t\t<div class=\"elementor-element elementor-element-f6958f5 elementor-widget-divider--view-line elementor-widget elementor-widget-divider\" data-id=\"f6958f5\" data-element_type=\"widget\" data-widget_type=\"divider.default\">\n\t\t\t\t<div class=\"elementor-widget-container\">\n\t\t\t\t\t\t\t<div class=\"elementor-divider\">\n\t\t\t<span class=\"elementor-divider-separator\">\n\t\t\t\t\t\t<\/span>\n\t\t<\/div>\n\t\t\t\t\t\t<\/div>\n\t\t\t\t<\/div>\n\t\t\t\t<div class=\"elementor-element elementor-element-5b7596a elementor-widget-divider--view-line elementor-widget elementor-widget-divider\" data-id=\"5b7596a\" data-element_type=\"widget\" data-widget_type=\"divider.default\">\n\t\t\t\t<div class=\"elementor-widget-container\">\n\t\t\t\t\t\t\t<div class=\"elementor-divider\">\n\t\t\t<span class=\"elementor-divider-separator\">\n\t\t\t\t\t\t<\/span>\n\t\t<\/div>\n\t\t\t\t\t\t<\/div>\n\t\t\t\t<\/div>\n\t\t\t\t<div class=\"elementor-element elementor-element-1fde20a elementor-view-default elementor-position-top elementor-mobile-position-top elementor-widget elementor-widget-icon-box\" data-id=\"1fde20a\" data-element_type=\"widget\" data-widget_type=\"icon-box.default\">\n\t\t\t\t<div class=\"elementor-widget-container\">\n\t\t\t\t\t\t\t<div class=\"elementor-icon-box-wrapper\">\n\n\t\t\t\t\t\t<div class=\"elementor-icon-box-icon\">\n\t\t\t\t<span  class=\"elementor-icon\">\n\t\t\t\t<svg aria-hidden=\"true\" class=\"e-font-icon-svg e-fas-coins\" viewBox=\"0 0 512 512\" xmlns=\"http:\/\/www.w3.org\/2000\/svg\"><path d=\"M0 405.3V448c0 35.3 86 64 192 64s192-28.7 192-64v-42.7C342.7 434.4 267.2 448 192 448S41.3 434.4 0 405.3zM320 128c106 0 192-28.7 192-64S426 0 320 0 128 28.7 128 64s86 64 192 64zM0 300.4V352c0 35.3 86 64 192 64s192-28.7 192-64v-51.6c-41.3 34-116.9 51.6-192 51.6S41.3 334.4 0 300.4zm416 11c57.3-11.1 96-31.7 96-55.4v-42.7c-23.2 16.4-57.3 27.6-96 34.5v63.6zM192 160C86 160 0 195.8 0 240s86 80 192 80 192-35.8 192-80-86-80-192-80zm219.3 56.3c60-10.8 100.7-32 100.7-56.3v-42.7c-35.5 25.1-96.5 38.6-160.7 41.8 29.5 14.3 51.2 33.5 60 57.2z\"><\/path><\/svg>\t\t\t\t<\/span>\n\t\t\t<\/div>\n\t\t\t\n\t\t\t\t\t\t<div class=\"elementor-icon-box-content\">\n\n\t\t\t\t\t\t\t\t\t<h3 class=\"elementor-icon-box-title\">\n\t\t\t\t\t\t<span  >\n\t\t\t\t\t\t\tTarifs\t\t\t\t\t\t<\/span>\n\t\t\t\t\t<\/h3>\n\t\t\t\t\n\t\t\t\t\t\t\t\t\t<p class=\"elementor-icon-box-description\">\n\t\t\t\t\t\tAux points de vente : 10\u20ac<\/br>\nEn lligne: 10\u20ac <\/br>\n\nCe billet donne acc\u00e8s \u00e0 une seule visite pour chacune des expositions payantes, depuis le d\u00e9but de la Biennal jusqu\u2019\u00e0 sa cl\u00f4ture.<\/br><\/br>\n\nEntr\u00e9e gratuite :<\/br>\n\u2022 Les enfants de moins de 12 ans (\u00e0 l\u2019exception des visites guid\u00e9es)<\/br>\n\u2022 Personnes en situation de handicap (sur pr\u00e9sentation de la carte justificative) et leur accompagnateur, si n\u00e9cessaire.\n\t\t\t\t\t<\/p>\n\t\t\t\t\n\t\t\t<\/div>\n\t\t\t\n\t\t<\/div>\n\t\t\t\t\t\t<\/div>\n\t\t\t\t<\/div>\n\t\t\t\t<div class=\"elementor-element elementor-element-ba9764a elementor-view-default elementor-position-top elementor-mobile-position-top elementor-widget elementor-widget-icon-box\" data-id=\"ba9764a\" data-element_type=\"widget\" data-widget_type=\"icon-box.default\">\n\t\t\t\t<div class=\"elementor-widget-container\">\n\t\t\t\t\t\t\t<div class=\"elementor-icon-box-wrapper\">\n\n\t\t\t\t\t\t<div class=\"elementor-icon-box-icon\">\n\t\t\t\t<span  class=\"elementor-icon\">\n\t\t\t\t<svg aria-hidden=\"true\" class=\"e-font-icon-svg e-fas-wheelchair\" viewBox=\"0 0 512 512\" xmlns=\"http:\/\/www.w3.org\/2000\/svg\"><path d=\"M496.101 385.669l14.227 28.663c3.929 7.915.697 17.516-7.218 21.445l-65.465 32.886c-16.049 7.967-35.556 1.194-43.189-15.055L331.679 320H192c-15.925 0-29.426-11.71-31.679-27.475C126.433 55.308 128.38 70.044 128 64c0-36.358 30.318-65.635 67.052-63.929 33.271 1.545 60.048 28.905 60.925 62.201.868 32.933-23.152 60.423-54.608 65.039l4.67 32.69H336c8.837 0 16 7.163 16 16v32c0 8.837-7.163 16-16 16H215.182l4.572 32H352a32 32 0 0 1 28.962 18.392L438.477 396.8l36.178-18.349c7.915-3.929 17.517-.697 21.446 7.218zM311.358 352h-24.506c-7.788 54.204-54.528 96-110.852 96-61.757 0-112-50.243-112-112 0-41.505 22.694-77.809 56.324-97.156-3.712-25.965-6.844-47.86-9.488-66.333C45.956 198.464 0 261.963 0 336c0 97.047 78.953 176 176 176 71.87 0 133.806-43.308 161.11-105.192L311.358 352z\"><\/path><\/svg>\t\t\t\t<\/span>\n\t\t\t<\/div>\n\t\t\t\n\t\t\t\t\t\t<div class=\"elementor-icon-box-content\">\n\n\t\t\t\t\t\t\t\t\t<h3 class=\"elementor-icon-box-title\">\n\t\t\t\t\t\t<span  >\n\t\t\t\t\t\t\tAccessibilit\u00e9\t\t\t\t\t\t<\/span>\n\t\t\t\t\t<\/h3>\n\t\t\t\t\n\t\t\t\t\t\t\t\t\t<p class=\"elementor-icon-box-description\">\n\t\t\t\t\t\tToutes les salles d\u2019exposition sont adapt\u00e9es aux personnes \u00e0 mobilit\u00e9 r\u00e9duite, \u00e0 l\u2019exception de la tour de guet de Sant Sebasti\u00e0 de la Guarda.\t\t\t\t\t<\/p>\n\t\t\t\t\n\t\t\t<\/div>\n\t\t\t\n\t\t<\/div>\n\t\t\t\t\t\t<\/div>\n\t\t\t\t<\/div>\n\t\t\t\t<div class=\"elementor-element elementor-element-f296575 elementor-widget-divider--view-line elementor-widget elementor-widget-divider\" data-id=\"f296575\" data-element_type=\"widget\" data-widget_type=\"divider.default\">\n\t\t\t\t<div class=\"elementor-widget-container\">\n\t\t\t\t\t\t\t<div class=\"elementor-divider\">\n\t\t\t<span class=\"elementor-divider-separator\">\n\t\t\t\t\t\t<\/span>\n\t\t<\/div>\n\t\t\t\t\t\t<\/div>\n\t\t\t\t<\/div>\n\t\t\t\t<div class=\"elementor-element elementor-element-01ab3a2 elementor-view-default elementor-position-top elementor-mobile-position-top elementor-widget elementor-widget-icon-box\" data-id=\"01ab3a2\" data-element_type=\"widget\" data-widget_type=\"icon-box.default\">\n\t\t\t\t<div class=\"elementor-widget-container\">\n\t\t\t\t\t\t\t<div class=\"elementor-icon-box-wrapper\">\n\n\t\t\t\t\t\t<div class=\"elementor-icon-box-icon\">\n\t\t\t\t<span  class=\"elementor-icon\">\n\t\t\t\t<svg aria-hidden=\"true\" class=\"e-font-icon-svg e-fas-dog\" viewBox=\"0 0 576 512\" xmlns=\"http:\/\/www.w3.org\/2000\/svg\"><path d=\"M298.06,224,448,277.55V496a16,16,0,0,1-16,16H368a16,16,0,0,1-16-16V384H192V496a16,16,0,0,1-16,16H112a16,16,0,0,1-16-16V282.09C58.84,268.84,32,233.66,32,192a32,32,0,0,1,64,0,32.06,32.06,0,0,0,32,32ZM544,112v32a64,64,0,0,1-64,64H448v35.58L320,197.87V48c0-14.25,17.22-21.39,27.31-11.31L374.59,64h53.63c10.91,0,23.75,7.92,28.62,17.69L464,96h64A16,16,0,0,1,544,112Zm-112,0a16,16,0,1,0-16,16A16,16,0,0,0,432,112Z\"><\/path><\/svg>\t\t\t\t<\/span>\n\t\t\t<\/div>\n\t\t\t\n\t\t\t\t\t\t<div class=\"elementor-icon-box-content\">\n\n\t\t\t\t\t\t\t\t\t<h3 class=\"elementor-icon-box-title\">\n\t\t\t\t\t\t<span  >\n\t\t\t\t\t\t\tAnimaux dans les salles\t\t\t\t\t\t<\/span>\n\t\t\t\t\t<\/h3>\n\t\t\t\t\n\t\t\t\t\t\t\t\t\t<p class=\"elementor-icon-box-description\">\n\t\t\t\t\t\tLes chiens sont autoris\u00e9s dans les espaces suivants, \u00e0 condition qu\u2019ils ne g\u00eanent pas les visites et qu\u2019ils soient tenus en laisse et accompagn\u00e9s d\u2019une personne responsable d\u2019eux :\n<\/br><\/br>\n\n\u2022 Fundaci\u00f3 Josep Pla (Fondation Josep Pla)<\/br>\n\n\u2022 La B\u00f2bila <\/br>\n\u2022 Librairie No llegiu Mediterr\u00e0nia <\/br>\n\u2022 Museu del Suro de Catalunya (Mus\u00e9e du Li\u00e8ge de Catalogne)<\/br>\n\u2022 Sala d\u2019exposicions del Teatre Municipal (Salle d\u2019expositions du Th\u00e9\u00e2tre Municipal) <\/br>\n\n\u2022 Torre de guaita de Sant Sebasti\u00e0 de la Guarda (Tour de guet de Sant Sebasti\u00e0 de la Guarda)<\/br><\/br>\nSeuls les chiens de petite taille, tenus dans les bras, et les chiens-guides sont autoris\u00e9s \u00e0 acc\u00e9der \u00e0 la biblioth\u00e8que publique.<\/br>\n\t\t\t\t\t<\/p>\n\t\t\t\t\n\t\t\t<\/div>\n\t\t\t\n\t\t<\/div>\n\t\t\t\t\t\t<\/div>\n\t\t\t\t<\/div>\n\t\t\t\t\t<\/div>\n\t\t\t\t<\/div>\n\t\t\t\t<\/div>\n\t\t","protected":false},"excerpt":{"rendered":"<p>Mobilit\u00e9, transport et stationnement Consultez ICI Comment s\u2019y rendre Points de vente de billets \u2022 La B\u00f2bila. Carrer de la Garriga, 24 \u2022 Fundaci\u00f3 Vila Casas (Fondation Vila Casas). Pla\u00e7a de Can Mario, 7. Tel. 972 30 62 46 \u2022 Fundaci\u00f3 Josep Pla (Fondation Josep Pla). Carrer Nou, 51. Tel. 972 30 55 77 Tarifs [&hellip;]<\/p>\n","protected":false},"author":1,"featured_media":0,"parent":0,"menu_order":0,"comment_status":"closed","ping_status":"closed","template":"","meta":{"site-sidebar-layout":"no-sidebar","site-content-layout":"page-builder","ast-site-content-layout":"default","site-content-style":"default","site-sidebar-style":"default","ast-global-header-display":"","ast-banner-title-visibility":"","ast-main-header-display":"","ast-hfb-above-header-display":"","ast-hfb-below-header-display":"","ast-hfb-mobile-header-display":"","site-post-title":"","ast-breadcrumbs-content":"","ast-featured-img":"disabled","footer-sml-layout":"","theme-transparent-header-meta":"default","adv-header-id-meta":"","stick-header-meta":"default","header-above-stick-meta":"","header-main-stick-meta":"","header-below-stick-meta":"","astra-migrate-meta-layouts":"default","ast-page-background-enabled":"default","ast-page-background-meta":{"desktop":{"background-color":"","background-image":"","background-repeat":"repeat","background-position":"center center","background-size":"auto","background-attachment":"scroll","background-type":"","background-media":"","overlay-type":"","overlay-color":"","overlay-opacity":"","overlay-gradient":""},"tablet":{"background-color":"","background-image":"","background-repeat":"repeat","background-position":"center center","background-size":"auto","background-attachment":"scroll","background-type":"","background-media":"","overlay-type":"","overlay-color":"","overlay-opacity":"","overlay-gradient":""},"mobile":{"background-color":"","background-image":"","background-repeat":"repeat","background-position":"center center","background-size":"auto","background-attachment":"scroll","background-type":"","background-media":"","overlay-type":"","overlay-color":"","overlay-opacity":"","overlay-gradient":""}},"ast-content-background-meta":{"desktop":{"background-color":"var(--ast-global-color-5)","background-image":"","background-repeat":"repeat","background-position":"center center","background-size":"auto","background-attachment":"scroll","background-type":"","background-media":"","overlay-type":"","overlay-color":"","overlay-opacity":"","overlay-gradient":""},"tablet":{"background-color":"var(--ast-global-color-5)","background-image":"","background-repeat":"repeat","background-position":"center center","background-size":"auto","background-attachment":"scroll","background-type":"","background-media":"","overlay-type":"","overlay-color":"","overlay-opacity":"","overlay-gradient":""},"mobile":{"background-color":"var(--ast-global-color-5)","background-image":"","background-repeat":"repeat","background-position":"center center","background-size":"auto","background-attachment":"scroll","background-type":"","background-media":"","overlay-type":"","overlay-color":"","overlay-opacity":"","overlay-gradient":""}},"footnotes":""},"class_list":["post-4416","page","type-page","status-publish","hentry"],"yoast_head":"<!-- This site is optimized with the Yoast SEO plugin v25.9 - https:\/\/yoast.com\/wordpress\/plugins\/seo\/ -->\n<title>Information pratique - Biennal de Fotografia Xavier Miserachs<\/title>\n<meta name=\"robots\" content=\"index, follow, max-snippet:-1, max-image-preview:large, max-video-preview:-1\" \/>\n<link rel=\"canonical\" href=\"https:\/\/biennalxmiserachs.org\/fr\/information-pratique\/\" \/>\n<meta property=\"og:locale\" content=\"fr_FR\" \/>\n<meta property=\"og:type\" content=\"article\" \/>\n<meta property=\"og:title\" content=\"Information pratique - Biennal de Fotografia Xavier Miserachs\" \/>\n<meta property=\"og:description\" content=\"Mobilit\u00e9, transport et stationnement Consultez ICI Comment s\u2019y rendre Points de vente de billets \u2022 La B\u00f2bila. Carrer de la Garriga, 24 \u2022 Fundaci\u00f3 Vila Casas (Fondation Vila Casas). Pla\u00e7a de Can Mario, 7. Tel. 972 30 62 46 \u2022 Fundaci\u00f3 Josep Pla (Fondation Josep Pla). Carrer Nou, 51. Tel. 972 30 55 77 Tarifs [&hellip;]\" \/>\n<meta property=\"og:url\" content=\"https:\/\/biennalxmiserachs.org\/fr\/information-pratique\/\" \/>\n<meta property=\"og:site_name\" content=\"Biennal de Fotografia Xavier Miserachs\" \/>\n<meta property=\"article:publisher\" content=\"https:\/\/www.facebook.com\/biennalfotografiaxaviermiserachs\/\" \/>\n<meta property=\"article:modified_time\" content=\"2026-04-02T13:39:41+00:00\" \/>\n<meta name=\"twitter:card\" content=\"summary_large_image\" \/>\n<meta name=\"twitter:label1\" content=\"Dur\u00e9e de lecture estim\u00e9e\" \/>\n\t<meta name=\"twitter:data1\" content=\"1 minute\" \/>\n<script type=\"application\/ld+json\" class=\"yoast-schema-graph\">{\"@context\":\"https:\/\/schema.org\",\"@graph\":[{\"@type\":\"WebPage\",\"@id\":\"https:\/\/biennalxmiserachs.org\/fr\/information-pratique\/\",\"url\":\"https:\/\/biennalxmiserachs.org\/fr\/information-pratique\/\",\"name\":\"Information pratique - Biennal de Fotografia Xavier Miserachs\",\"isPartOf\":{\"@id\":\"https:\/\/biennalxmiserachs.org\/#website\"},\"datePublished\":\"2025-06-30T17:08:12+00:00\",\"dateModified\":\"2026-04-02T13:39:41+00:00\",\"breadcrumb\":{\"@id\":\"https:\/\/biennalxmiserachs.org\/fr\/information-pratique\/#breadcrumb\"},\"inLanguage\":\"fr-FR\",\"potentialAction\":[{\"@type\":\"ReadAction\",\"target\":[\"https:\/\/biennalxmiserachs.org\/fr\/information-pratique\/\"]}]},{\"@type\":\"BreadcrumbList\",\"@id\":\"https:\/\/biennalxmiserachs.org\/fr\/information-pratique\/#breadcrumb\",\"itemListElement\":[{\"@type\":\"ListItem\",\"position\":1,\"name\":\"Inici\",\"item\":\"https:\/\/biennalxmiserachs.org\/fr\/accueil\/\"},{\"@type\":\"ListItem\",\"position\":2,\"name\":\"Information pratique\"}]},{\"@type\":\"WebSite\",\"@id\":\"https:\/\/biennalxmiserachs.org\/#website\",\"url\":\"https:\/\/biennalxmiserachs.org\/\",\"name\":\"Biennal de Fotografia Xavier Miserachs\",\"description\":\"\",\"publisher\":{\"@id\":\"https:\/\/biennalxmiserachs.org\/#organization\"},\"potentialAction\":[{\"@type\":\"SearchAction\",\"target\":{\"@type\":\"EntryPoint\",\"urlTemplate\":\"https:\/\/biennalxmiserachs.org\/?s={search_term_string}\"},\"query-input\":{\"@type\":\"PropertyValueSpecification\",\"valueRequired\":true,\"valueName\":\"search_term_string\"}}],\"inLanguage\":\"fr-FR\"},{\"@type\":\"Organization\",\"@id\":\"https:\/\/biennalxmiserachs.org\/#organization\",\"name\":\"Biennal de Fotografia Xavier Miserachs\",\"url\":\"https:\/\/biennalxmiserachs.org\/\",\"logo\":{\"@type\":\"ImageObject\",\"inLanguage\":\"fr-FR\",\"@id\":\"https:\/\/biennalxmiserachs.org\/#\/schema\/logo\/image\/\",\"url\":\"https:\/\/biennalxmiserachs.org\/wp-content\/uploads\/2025\/04\/cropped-logo-biennal-xavier-miserachs.png\",\"contentUrl\":\"https:\/\/biennalxmiserachs.org\/wp-content\/uploads\/2025\/04\/cropped-logo-biennal-xavier-miserachs.png\",\"width\":500,\"height\":425,\"caption\":\"Biennal de Fotografia Xavier Miserachs\"},\"image\":{\"@id\":\"https:\/\/biennalxmiserachs.org\/#\/schema\/logo\/image\/\"},\"sameAs\":[\"https:\/\/www.facebook.com\/biennalfotografiaxaviermiserachs\/\",\"https:\/\/www.instagram.com\/biennalxmiserachs\/\"]}]}<\/script>\n<!-- \/ Yoast SEO plugin. -->","yoast_head_json":{"title":"Information pratique - Biennal de Fotografia Xavier Miserachs","robots":{"index":"index","follow":"follow","max-snippet":"max-snippet:-1","max-image-preview":"max-image-preview:large","max-video-preview":"max-video-preview:-1"},"canonical":"https:\/\/biennalxmiserachs.org\/fr\/information-pratique\/","og_locale":"fr_FR","og_type":"article","og_title":"Information pratique - Biennal de Fotografia Xavier Miserachs","og_description":"Mobilit\u00e9, transport et stationnement Consultez ICI Comment s\u2019y rendre Points de vente de billets \u2022 La B\u00f2bila. Carrer de la Garriga, 24 \u2022 Fundaci\u00f3 Vila Casas (Fondation Vila Casas). Pla\u00e7a de Can Mario, 7. Tel. 972 30 62 46 \u2022 Fundaci\u00f3 Josep Pla (Fondation Josep Pla). Carrer Nou, 51. Tel. 972 30 55 77 Tarifs [&hellip;]","og_url":"https:\/\/biennalxmiserachs.org\/fr\/information-pratique\/","og_site_name":"Biennal de Fotografia Xavier Miserachs","article_publisher":"https:\/\/www.facebook.com\/biennalfotografiaxaviermiserachs\/","article_modified_time":"2026-04-02T13:39:41+00:00","twitter_card":"summary_large_image","twitter_misc":{"Dur\u00e9e de lecture estim\u00e9e":"1 minute"},"schema":{"@context":"https:\/\/schema.org","@graph":[{"@type":"WebPage","@id":"https:\/\/biennalxmiserachs.org\/fr\/information-pratique\/","url":"https:\/\/biennalxmiserachs.org\/fr\/information-pratique\/","name":"Information pratique - Biennal de Fotografia Xavier Miserachs","isPartOf":{"@id":"https:\/\/biennalxmiserachs.org\/#website"},"datePublished":"2025-06-30T17:08:12+00:00","dateModified":"2026-04-02T13:39:41+00:00","breadcrumb":{"@id":"https:\/\/biennalxmiserachs.org\/fr\/information-pratique\/#breadcrumb"},"inLanguage":"fr-FR","potentialAction":[{"@type":"ReadAction","target":["https:\/\/biennalxmiserachs.org\/fr\/information-pratique\/"]}]},{"@type":"BreadcrumbList","@id":"https:\/\/biennalxmiserachs.org\/fr\/information-pratique\/#breadcrumb","itemListElement":[{"@type":"ListItem","position":1,"name":"Inici","item":"https:\/\/biennalxmiserachs.org\/fr\/accueil\/"},{"@type":"ListItem","position":2,"name":"Information pratique"}]},{"@type":"WebSite","@id":"https:\/\/biennalxmiserachs.org\/#website","url":"https:\/\/biennalxmiserachs.org\/","name":"Biennal de Fotografia Xavier Miserachs","description":"","publisher":{"@id":"https:\/\/biennalxmiserachs.org\/#organization"},"potentialAction":[{"@type":"SearchAction","target":{"@type":"EntryPoint","urlTemplate":"https:\/\/biennalxmiserachs.org\/?s={search_term_string}"},"query-input":{"@type":"PropertyValueSpecification","valueRequired":true,"valueName":"search_term_string"}}],"inLanguage":"fr-FR"},{"@type":"Organization","@id":"https:\/\/biennalxmiserachs.org\/#organization","name":"Biennal de Fotografia Xavier Miserachs","url":"https:\/\/biennalxmiserachs.org\/","logo":{"@type":"ImageObject","inLanguage":"fr-FR","@id":"https:\/\/biennalxmiserachs.org\/#\/schema\/logo\/image\/","url":"https:\/\/biennalxmiserachs.org\/wp-content\/uploads\/2025\/04\/cropped-logo-biennal-xavier-miserachs.png","contentUrl":"https:\/\/biennalxmiserachs.org\/wp-content\/uploads\/2025\/04\/cropped-logo-biennal-xavier-miserachs.png","width":500,"height":425,"caption":"Biennal de Fotografia Xavier Miserachs"},"image":{"@id":"https:\/\/biennalxmiserachs.org\/#\/schema\/logo\/image\/"},"sameAs":["https:\/\/www.facebook.com\/biennalfotografiaxaviermiserachs\/","https:\/\/www.instagram.com\/biennalxmiserachs\/"]}]}},"_links":{"self":[{"href":"https:\/\/biennalxmiserachs.org\/fr\/wp-json\/wp\/v2\/pages\/4416","targetHints":{"allow":["GET"]}}],"collection":[{"href":"https:\/\/biennalxmiserachs.org\/fr\/wp-json\/wp\/v2\/pages"}],"about":[{"href":"https:\/\/biennalxmiserachs.org\/fr\/wp-json\/wp\/v2\/types\/page"}],"author":[{"embeddable":true,"href":"https:\/\/biennalxmiserachs.org\/fr\/wp-json\/wp\/v2\/users\/1"}],"replies":[{"embeddable":true,"href":"https:\/\/biennalxmiserachs.org\/fr\/wp-json\/wp\/v2\/comments?post=4416"}],"version-history":[{"count":7,"href":"https:\/\/biennalxmiserachs.org\/fr\/wp-json\/wp\/v2\/pages\/4416\/revisions"}],"predecessor-version":[{"id":5222,"href":"https:\/\/biennalxmiserachs.org\/fr\/wp-json\/wp\/v2\/pages\/4416\/revisions\/5222"}],"wp:attachment":[{"href":"https:\/\/biennalxmiserachs.org\/fr\/wp-json\/wp\/v2\/media?parent=4416"}],"curies":[{"name":"wp","href":"https:\/\/api.w.org\/{rel}","templated":true}]}}